{"id":4014,"date":"2017-12-13T08:49:08","date_gmt":"2017-12-13T08:49:08","guid":{"rendered":"http:\/\/ultranetxxi.net\/sitio\/?post_type=product&#038;p=4014"},"modified":"2019-12-06T07:19:49","modified_gmt":"2019-12-06T07:19:49","slug":"rastreador-gps-personal","status":"publish","type":"product","link":"https:\/\/ultranetxxi.net\/sitio\/producto\/rastreador-gps-personal\/","title":{"rendered":"Rastreador GPS &#8211; Personal &#8211; Sobre pedido"},"content":{"rendered":"<section class=\"l-section wpb_row height_medium\"><div class=\"l-section-h i-cf\"><div class=\"g-cols type_default\"><div class=\"vc_col-sm-12 wpb_column vc_column_container\"><div class=\"vc_column-inner\"><div class=\"wpb_wrapper\"><div id=\"ultimate-heading-343869f0610f0ee4b\" class=\"uvc-heading ult-adjust-bottom-margin ultimate-heading-343869f0610f0ee4b uvc-9390 \" data-hspacer=\"no_spacer\"  data-halign=\"left\" style=\"text-align:left\"><div class=\"uvc-heading-spacer no_spacer\" style=\"top\"><\/div><div class=\"uvc-main-heading ult-responsive\"  data-ultimate-target='.uvc-heading.ultimate-heading-343869f0610f0ee4b h2'  data-responsive-json-new='{\"font-size\":\"desktop:18px;\",\"line-height\":\"\"}' ><h2 style=\"font-weight:normal;\">Tama\u00f1o compacto, f\u00e1cil de portar y ocultar<\/h2><\/div><\/div><div class=\"w-separator type_default size_small thick_1 style_solid color_border cont_none\"><span class=\"w-separator-h\"><\/span><\/div><div class=\"wpb_text_column \"><div class=\"wpb_wrapper\"><p>Gracias al tama\u00f1o compacto del dispositivo rastreador GPS (solo 3 cm x 5 cm x 1.5 cm) lo podr\u00e1s utilizar para localizar mascotas (con su correa ajustable), personas (p. ej. ocult\u00e1ndolo en la mochila de los ni\u00f1os), equipaje o incluso lo puedes dejar en la guantera de tu carro. Utilizarlo ser\u00e1 muy f\u00e1cil ya que se entrega completamente configurado para que comiences a localizar lo m\u00e1s importante para ti desde el primer minuto.<\/p><\/div> <\/div> <div class=\"g-cols wpb_row type_default vc_inner \"><div class=\"vc_col-sm-12 wpb_column vc_column_container\"><div class=\"vc_column-inner\"><div class=\"wpb_wrapper\"><div class=\"smile_icon_list_wrap ult-adjust-bottom-margin  \"><ul class=\"smile_icon_list left circle with_bg\"><li class=\"icon_list_item\" style=\" font-size:27px;\"><div class=\"icon_list_icon\" data-animation=\"\" data-animation-delay=\"03\" style=\"font-size:9px;border-width:1px;border-style:none;background:#1e73be;color:#ffffff;border-color:#333333;\"><i class=\"Defaults-check\" ><\/i><\/div><div class=\"icon_description\" id=\"Info-list-wrap-4724\"><h3 class=\"ult-responsive\"  data-ultimate-target='#Info-list-wrap-4724 h3'  data-responsive-json-new='{\"font-size\":\"desktop:16px;\",\"line-height\":\"desktop:24px;\"}'  style=\"\">Precisi\u00f3n de 5 metros<\/h3><div class=\"icon_description_text ult-responsive\"  data-ultimate-target='#Info-list-wrap-4724 .icon_description_text'  data-responsive-json-new='{\"font-size\":\"desktop:13px;\",\"line-height\":\"desktop:18px;\"}'  style=\"\"><\/div><\/div><div class=\"icon_list_connector\"  style=\"border-color:;\"><\/div><\/li><li class=\"icon_list_item\" style=\" font-size:27px;\"><div class=\"icon_list_icon\" data-animation=\"\" data-animation-delay=\"03\" style=\"font-size:9px;border-width:1px;border-style:none;background:#1e73be;color:#ffffff;border-color:#333333;\"><i class=\"Defaults-check\" ><\/i><\/div><div class=\"icon_description\" id=\"Info-list-wrap-4489\"><h3 class=\"ult-responsive\"  data-ultimate-target='#Info-list-wrap-4489 h3'  data-responsive-json-new='{\"font-size\":\"desktop:16px;\",\"line-height\":\"desktop:24px;\"}'  style=\"\">Carga v\u00eda USB con el cable incluido<\/h3><div class=\"icon_description_text ult-responsive\"  data-ultimate-target='#Info-list-wrap-4489 .icon_description_text'  data-responsive-json-new='{\"font-size\":\"desktop:13px;\",\"line-height\":\"desktop:18px;\"}'  style=\"\"><\/div><\/div><div class=\"icon_list_connector\"  style=\"border-color:;\"><\/div><\/li><li class=\"icon_list_item\" style=\" font-size:27px;\"><div class=\"icon_list_icon\" data-animation=\"\" data-animation-delay=\"03\" style=\"font-size:9px;border-width:1px;border-style:none;background:#1e73be;color:#ffffff;border-color:#333333;\"><i class=\"Defaults-check\" ><\/i><\/div><div class=\"icon_description\" id=\"Info-list-wrap-8339\"><h3 class=\"ult-responsive\"  data-ultimate-target='#Info-list-wrap-8339 h3'  data-responsive-json-new='{\"font-size\":\"desktop:16px;\",\"line-height\":\"desktop:24px;\"}'  style=\"\">Bater\u00eda de 850 mah - Duraci\u00f3n de hasta 7 d\u00edas<\/h3><div class=\"icon_description_text ult-responsive\"  data-ultimate-target='#Info-list-wrap-8339 .icon_description_text'  data-responsive-json-new='{\"font-size\":\"desktop:13px;\",\"line-height\":\"desktop:18px;\"}'  style=\"\"><\/div><\/div><div class=\"icon_list_connector\"  style=\"border-color:;\"><\/div><\/li><li class=\"icon_list_item\" style=\" font-size:27px;\"><div class=\"icon_list_icon\" data-animation=\"\" data-animation-delay=\"03\" style=\"font-size:9px;border-width:1px;border-style:none;background:#1e73be;color:#ffffff;border-color:#333333;\"><i class=\"Defaults-check\" ><\/i><\/div><div class=\"icon_description\" id=\"Info-list-wrap-5492\"><h3 class=\"ult-responsive\"  data-ultimate-target='#Info-list-wrap-5492 h3'  data-responsive-json-new='{\"font-size\":\"desktop:16px;\",\"line-height\":\"desktop:24px;\"}'  style=\"\">Seguimiento en vivo en nuestra app y portal de rastreo<\/h3><div class=\"icon_description_text ult-responsive\"  data-ultimate-target='#Info-list-wrap-5492 .icon_description_text'  data-responsive-json-new='{\"font-size\":\"desktop:13px;\",\"line-height\":\"desktop:18px;\"}'  style=\"\"><\/div><\/div><div class=\"icon_list_connector\"  style=\"border-color:;\"><\/div><\/li><li class=\"icon_list_item\" style=\" font-size:27px;\"><div class=\"icon_list_icon\" data-animation=\"\" data-animation-delay=\"03\" style=\"font-size:9px;border-width:1px;border-style:none;background:#1e73be;color:#ffffff;border-color:#333333;\"><i class=\"Defaults-check\" ><\/i><\/div><div class=\"icon_description\" id=\"Info-list-wrap-5551\"><h3 class=\"ult-responsive\"  data-ultimate-target='#Info-list-wrap-5551 h3'  data-responsive-json-new='{\"font-size\":\"desktop:16px;\",\"line-height\":\"desktop:24px;\"}'  style=\"\">Instala un chip con saldo y estar\u00e1 listo para funcionar<\/h3><div class=\"icon_description_text ult-responsive\"  data-ultimate-target='#Info-list-wrap-5551 .icon_description_text'  data-responsive-json-new='{\"font-size\":\"desktop:13px;\",\"line-height\":\"desktop:18px;\"}'  style=\"\"><\/div><\/div><div class=\"icon_list_connector\"  style=\"border-color:;\"><\/div><\/li><\/ul><\/div><div class=\"wpb_text_column \"><div class=\"wpb_wrapper\"><p>El rastreador GPS requiere un chip celular con saldo para enviar peri\u00f3dicamente su ubicaci\u00f3n (no incluido).<\/p>\n<p>Incluye uso de nuestra plataforma de localizaci\u00f3n profesional por 1 a\u00f1o.<\/p>\n<p>El costo de la renovaci\u00f3n anual por plan de datos y plataforma de rastreo es de 1,990 pesos.<\/p><\/div> <\/div> <\/div><\/div><\/div><\/div><\/div><\/div><\/div><\/div><\/div><\/section>\n","protected":false},"excerpt":{"rendered":"<p>Env\u00edo a toda la Rep\u00fablica Mexicana por solo 49 pesos.<br \/>\nContamos con pago a meses sin intereses.<\/p>\n","protected":false},"featured_media":4067,"template":"","meta":[],"_links":{"self":[{"href":"https:\/\/ultranetxxi.net\/sitio\/wp-json\/wp\/v2\/product\/4014"}],"collection":[{"href":"https:\/\/ultranetxxi.net\/sitio\/wp-json\/wp\/v2\/product"}],"about":[{"href":"https:\/\/ultranetxxi.net\/sitio\/wp-json\/wp\/v2\/types\/product"}],"wp:featuredmedia":[{"embeddable":true,"href":"https:\/\/ultranetxxi.net\/sitio\/wp-json\/wp\/v2\/media\/4067"}],"wp:attachment":[{"href":"https:\/\/ultranetxxi.net\/sitio\/wp-json\/wp\/v2\/media?parent=4014"}],"curies":[{"name":"wp","href":"https:\/\/api.w.org\/{rel}","templated":true}]}}