{"id":4308,"date":"2025-11-04T04:45:05","date_gmt":"2025-11-04T04:45:05","guid":{"rendered":"https:\/\/ultranetxxi.net\/sitio\/?page_id=4308"},"modified":"2025-11-04T05:25:46","modified_gmt":"2025-11-04T05:25:46","slug":"servidores-dell-en-venta","status":"publish","type":"page","link":"https:\/\/ultranetxxi.net\/sitio\/servidores-dell-en-venta\/","title":{"rendered":"Servidores Dell en venta"},"content":{"rendered":"<section class=\"l-section wpb_row height_medium color_primary\"><div class=\"l-section-h i-cf\"><div class=\"g-cols type_default\"><div class=\"vc_col-sm-12 wpb_column vc_column_container\"><div class=\"vc_column-inner\"><div class=\"wpb_wrapper\"><div class=\"wpb_text_column \"><div class=\"wpb_wrapper\">\n<h1 style=\"text-align: center;\">Servidores Dell<\/h1>\n<h4 style=\"text-align: center;\">Servidores Dell en venta, con entrega inmediata, garant\u00eda y configuraciones a medida<\/h4>\n<\/div> <\/div> <\/div><\/div><\/div><\/div><\/div><\/section><section class=\"l-section wpb_row height_medium\"><div class=\"l-section-h i-cf\"><div class=\"g-cols type_default\"><div class=\"vc_col-sm-12 wpb_column vc_column_container\"><div class=\"vc_column-inner\"><div class=\"wpb_wrapper\"><div class=\"g-cols wpb_row type_default vc_inner \"><div class=\"vc_col-sm-6 wpb_column vc_column_container\"><div class=\"vc_column-inner\"><div class=\"wpb_wrapper\"><div class=\"wpb_text_column \"><div class=\"wpb_wrapper\">\n<h4>Servidores confiables para tu negocio<\/h4>\n<p>Comprar un servidor Dell para tu uso personal, negocio o empresa es contar con el respaldo y la confiabilidad que te otorga la marca. Lograr el mejor desempe\u00f1o de tus aplicaciones, ya sea con un servidor b\u00e1sico de torre como el modelo Dell T5820 con procesador Intel Xeon W 2133 o algo m\u00e1s avanzado con 1 o 2 procesadores procesadores Intel Xeon Gold o Platinum como el Dell T7820 o equipos de rack como Dell R640, Dell R740, etc.<\/p>\n<p>Para entornos de desarrollo o pruebas tambi\u00e9n puede ser \u00fatil la generaci\u00f3n anterior de equipos como el Dell R730, con 1 o 2 procesadores Intel Xeon E5-2680 v4.<\/div> <\/div> <\/div><\/div><\/div><div class=\"vc_col-sm-6 wpb_column vc_column_container\"><div class=\"vc_column-inner\"><div class=\"wpb_wrapper\"><div class=\"w-image\"><div class=\"us-frame\"><img width=\"1280\" height=\"800\" src=\"https:\/\/ultranetxxi.net\/sitio\/wp-content\/uploads\/2025\/11\/servidores-dell-en-venta.jpg\" class=\"attachment-full size-full\" alt=\"\" loading=\"lazy\" srcset=\"https:\/\/ultranetxxi.net\/sitio\/wp-content\/uploads\/2025\/11\/servidores-dell-en-venta.jpg 1280w, https:\/\/ultranetxxi.net\/sitio\/wp-content\/uploads\/2025\/11\/servidores-dell-en-venta-300x188.jpg 300w, https:\/\/ultranetxxi.net\/sitio\/wp-content\/uploads\/2025\/11\/servidores-dell-en-venta-1024x640.jpg 1024w, https:\/\/ultranetxxi.net\/sitio\/wp-content\/uploads\/2025\/11\/servidores-dell-en-venta-768x480.jpg 768w, https:\/\/ultranetxxi.net\/sitio\/wp-content\/uploads\/2025\/11\/servidores-dell-en-venta-600x375.jpg 600w\" sizes=\"(max-width: 1280px) 100vw, 1280px\" \/><\/div><\/div><\/div><\/div><\/div><\/div><div class=\"g-cols wpb_row type_default vc_inner \"><div class=\"vc_col-sm-12 wpb_column vc_column_container\"><div class=\"vc_column-inner\"><div class=\"wpb_wrapper\"><div class=\"w-separator type_default size_medium thick_1 style_solid color_border cont_icon\"><span class=\"w-separator-h\"><i class=\"fa fa-chevron-down\"><\/i><\/span><\/div><\/div><\/div><\/div><\/div><div class=\"g-cols wpb_row type_default vc_inner \"><div class=\"vc_col-sm-6 wpb_column vc_column_container\"><div class=\"vc_column-inner\"><div class=\"wpb_wrapper\"><div class=\"w-image\"><div class=\"us-frame\"><img width=\"465\" height=\"331\" src=\"https:\/\/ultranetxxi.net\/sitio\/wp-content\/uploads\/2025\/11\/servidores-dell-rack-y-torre.png\" class=\"attachment-full size-full\" alt=\"\" loading=\"lazy\" srcset=\"https:\/\/ultranetxxi.net\/sitio\/wp-content\/uploads\/2025\/11\/servidores-dell-rack-y-torre.png 465w, https:\/\/ultranetxxi.net\/sitio\/wp-content\/uploads\/2025\/11\/servidores-dell-rack-y-torre-300x214.png 300w\" sizes=\"(max-width: 465px) 100vw, 465px\" \/><\/div><\/div><div class=\"wpb_text_column \"><div class=\"wpb_wrapper\"><em>El mayor costo beneficio lo obtienes con un servidor Dell de generaci\u00f3n 14 como el Dell R740.<\/em><br \/>\n<em>Si tu proyecto lo requiere contamos con generaciones m\u00e1s recientes como 15 o 16 con el R760.<br \/>\nPuedes optar por equipos reacondicionados o nuevos.<\/em><\/div> <\/div> <\/div><\/div><\/div><div class=\"vc_col-sm-6 wpb_column vc_column_container\"><div class=\"vc_column-inner\"><div class=\"wpb_wrapper\"><div class=\"wpb_text_column \"><div class=\"wpb_wrapper\">\n<h4>Servidores en venta disponibles y precios:<br \/>\nDell R740<\/h4>\n<p>Incluye: 2 procesadores Intel Xeon Gold 6138 (40 n\u00facleos, 80 threads), 256 GB de RAM DDR4, 2 discos de 960 GB, 2 caddys.<br \/>\nPrecio desde: 42,000 pesos<br \/>\nIncrementos de capacidad y software: Soporta hasta 3 TB de RAM, Disponibles procesadores Intel Platinum 8160, unidades de 3.84 TB SAS, 6.4 TB NVME, unidades de arranque BOSS, licencias Microsoft originales, etc.<\/p>\n<h4>Dell R730<\/h4>\n<p>Incluye: 2 procesadores Intel E5-2680 v4 (28 n\u00facleos, 56 threads), 128 GB de RAM DDR4, 2 discos de 960 GB, 2 caddys.<br \/>\nPrecio desde: 24,000 pesos<br \/>\nIncrementos de capacidad y software: Soporta hasta 1.5 TB de RAM, unidades de 3.84 TB SAS, 6.4 TB NVME, unidades de arranque BOSS, licencias Microsoft originales, etc.<br \/>\nPrecios sin IVA indicados para equipos reacondicionados.<\/div> <\/div> <\/div><\/div><\/div><\/div><div class=\"g-cols wpb_row type_default vc_inner \"><div class=\"vc_col-sm-12 wpb_column vc_column_container\"><div class=\"vc_column-inner\"><div class=\"wpb_wrapper\"><div class=\"w-separator type_default size_medium thick_1 style_solid color_border cont_icon\"><span class=\"w-separator-h\"><i class=\"fa fa-chevron-down\"><\/i><\/span><\/div><\/div><\/div><\/div><\/div><div class=\"g-cols wpb_row type_default vc_inner \"><div class=\"vc_col-sm-6 wpb_column vc_column_container\"><div class=\"vc_column-inner\"><div class=\"wpb_wrapper\"><div class=\"wpb_text_column \"><div class=\"wpb_wrapper\">\n<h4>Mas ventajas para tu negocio<\/h4>\n<p>Compra tus servidores con la confianza de tener garant\u00eda est\u00e1ndar de 6 meses, opciones de garant\u00eda extendida disponibles.<br \/>\nEntrega disponible en nuestra ubicaci\u00f3n en CDMX; con costo adicional recibe a domicilio en CDMX, Estado de M\u00e9xico y Quer\u00e9taro.<br \/>\nLogra el m\u00e1ximo ahorro al comprar equipos reacondicionados.<\/div> <\/div> <\/div><\/div><\/div><div class=\"vc_col-sm-6 wpb_column vc_column_container\"><div class=\"vc_column-inner\"><div class=\"wpb_wrapper\"><div class=\"wpb_text_column \"><div class=\"wpb_wrapper\">\n<h6>Colocaci\u00f3n en centro de datos<\/h6>\n<p>Cuenta con nuestro servicio de centro de datos para colocar tu servidor en instalaciones con seguridad, energ\u00eda y red redundante, disponibilidad de IPs p\u00fablicas, manos remotas, soporte y atenci\u00f3n en espa\u00f1ol, con ubicaciones en M\u00e9xico y Estados Unidos. Cons\u00faltanos para m\u00e1s detalles.<\/div> <\/div> <div class=\"w-btn-wrapper align_left\"><a class=\"w-btn style_solid color_red icon_atleft\" href=\"mailto:info@ultranetxxi.net\"><i class=\"fa fa-star\"><\/i><span class=\"w-btn-label\">Compra hoy tu servidor Dell<\/span><\/a><\/div><\/div><\/div><\/div><\/div><div class=\"g-cols wpb_row type_default vc_inner \"><div class=\"vc_col-sm-12 wpb_column vc_column_container\"><div class=\"vc_column-inner\"><div class=\"wpb_wrapper\"><div class=\"w-separator type_default size_medium thick_1 style_solid color_border cont_icon\"><span class=\"w-separator-h\"><i class=\"fa fa-chevron-down\"><\/i><\/span><\/div><\/div><\/div><\/div><\/div><div class=\"g-cols wpb_row type_default vc_inner \"><div class=\"vc_col-sm-12 wpb_column vc_column_container\"><div class=\"vc_column-inner\"><div class=\"wpb_wrapper\"><div class=\"w-gallery layout_masonry cols_6 with_indents style_simple link_media\"><div class=\"w-gallery-list\"><a class=\"w-gallery-item order_1\" href=\"https:\/\/ultranetxxi.net\/sitio\/wp-content\/uploads\/2025\/11\/Dell_EMC_logo.svg_.png\" title=\"Dell_EMC_logo.svg\"><div class=\"w-gallery-item-img\"><img width=\"600\" height=\"104\" src=\"https:\/\/ultranetxxi.net\/sitio\/wp-content\/uploads\/2025\/11\/Dell_EMC_logo.svg_-600x104.png\" class=\"attachment-tnail-masonry size-tnail-masonry\" alt=\"\" loading=\"lazy\" srcset=\"https:\/\/ultranetxxi.net\/sitio\/wp-content\/uploads\/2025\/11\/Dell_EMC_logo.svg_-600x104.png 600w, https:\/\/ultranetxxi.net\/sitio\/wp-content\/uploads\/2025\/11\/Dell_EMC_logo.svg_-300x52.png 300w, https:\/\/ultranetxxi.net\/sitio\/wp-content\/uploads\/2025\/11\/Dell_EMC_logo.svg_-1024x177.png 1024w, https:\/\/ultranetxxi.net\/sitio\/wp-content\/uploads\/2025\/11\/Dell_EMC_logo.svg_-768x133.png 768w, https:\/\/ultranetxxi.net\/sitio\/wp-content\/uploads\/2025\/11\/Dell_EMC_logo.svg_-1536x266.png 1536w, https:\/\/ultranetxxi.net\/sitio\/wp-content\/uploads\/2025\/11\/Dell_EMC_logo.svg_-2048x354.png 2048w\" sizes=\"(max-width: 600px) 100vw, 600px\" \/><\/div><\/a><a class=\"w-gallery-item order_2\" href=\"https:\/\/ultranetxxi.net\/sitio\/wp-content\/uploads\/2025\/11\/NVIDIA_logo.svg_.png\" title=\"NVIDIA_logo.svg\"><div class=\"w-gallery-item-img\"><img width=\"600\" height=\"110\" src=\"https:\/\/ultranetxxi.net\/sitio\/wp-content\/uploads\/2025\/11\/NVIDIA_logo.svg_-600x110.png\" class=\"attachment-tnail-masonry size-tnail-masonry\" alt=\"\" loading=\"lazy\" srcset=\"https:\/\/ultranetxxi.net\/sitio\/wp-content\/uploads\/2025\/11\/NVIDIA_logo.svg_-600x110.png 600w, https:\/\/ultranetxxi.net\/sitio\/wp-content\/uploads\/2025\/11\/NVIDIA_logo.svg_-300x55.png 300w, https:\/\/ultranetxxi.net\/sitio\/wp-content\/uploads\/2025\/11\/NVIDIA_logo.svg_-1024x188.png 1024w, https:\/\/ultranetxxi.net\/sitio\/wp-content\/uploads\/2025\/11\/NVIDIA_logo.svg_-768x141.png 768w, https:\/\/ultranetxxi.net\/sitio\/wp-content\/uploads\/2025\/11\/NVIDIA_logo.svg_.png 1200w\" sizes=\"(max-width: 600px) 100vw, 600px\" \/><\/div><\/a><a class=\"w-gallery-item order_3\" href=\"https:\/\/ultranetxxi.net\/sitio\/wp-content\/uploads\/2025\/11\/Seagate_logo.svg_.png\" title=\"Seagate_logo.svg\"><div class=\"w-gallery-item-img\"><img width=\"600\" height=\"148\" src=\"https:\/\/ultranetxxi.net\/sitio\/wp-content\/uploads\/2025\/11\/Seagate_logo.svg_-600x148.png\" class=\"attachment-tnail-masonry size-tnail-masonry\" alt=\"\" loading=\"lazy\" srcset=\"https:\/\/ultranetxxi.net\/sitio\/wp-content\/uploads\/2025\/11\/Seagate_logo.svg_-600x148.png 600w, https:\/\/ultranetxxi.net\/sitio\/wp-content\/uploads\/2025\/11\/Seagate_logo.svg_-300x74.png 300w, https:\/\/ultranetxxi.net\/sitio\/wp-content\/uploads\/2025\/11\/Seagate_logo.svg_-1024x253.png 1024w, https:\/\/ultranetxxi.net\/sitio\/wp-content\/uploads\/2025\/11\/Seagate_logo.svg_-768x189.png 768w, https:\/\/ultranetxxi.net\/sitio\/wp-content\/uploads\/2025\/11\/Seagate_logo.svg_.png 1200w\" sizes=\"(max-width: 600px) 100vw, 600px\" \/><\/div><\/a><a class=\"w-gallery-item order_4\" href=\"https:\/\/ultranetxxi.net\/sitio\/wp-content\/uploads\/2025\/11\/Samsung_logo_blue.png\" title=\"Samsung_logo_blue\"><div class=\"w-gallery-item-img\"><img width=\"600\" height=\"196\" src=\"https:\/\/ultranetxxi.net\/sitio\/wp-content\/uploads\/2025\/11\/Samsung_logo_blue-600x196.png\" class=\"attachment-tnail-masonry size-tnail-masonry\" alt=\"\" loading=\"lazy\" srcset=\"https:\/\/ultranetxxi.net\/sitio\/wp-content\/uploads\/2025\/11\/Samsung_logo_blue-600x196.png 600w, https:\/\/ultranetxxi.net\/sitio\/wp-content\/uploads\/2025\/11\/Samsung_logo_blue-300x98.png 300w, https:\/\/ultranetxxi.net\/sitio\/wp-content\/uploads\/2025\/11\/Samsung_logo_blue-1024x335.png 1024w, https:\/\/ultranetxxi.net\/sitio\/wp-content\/uploads\/2025\/11\/Samsung_logo_blue-768x251.png 768w, https:\/\/ultranetxxi.net\/sitio\/wp-content\/uploads\/2025\/11\/Samsung_logo_blue-1536x503.png 1536w, https:\/\/ultranetxxi.net\/sitio\/wp-content\/uploads\/2025\/11\/Samsung_logo_blue-2048x671.png 2048w\" sizes=\"(max-width: 600px) 100vw, 600px\" \/><\/div><\/a><\/div><\/div>\n<div class=\"wpb_text_column \"><div class=\"wpb_wrapper\"><p>Configura tu servidor Dell con piezas de los lideres del mercado.<\/p><\/div> <\/div> <\/div><\/div><\/div><\/div><\/div><\/div><\/div><\/div><\/div><\/section>\n","protected":false},"excerpt":{"rendered":"Servidores Dell Servidores Dell en venta, con entrega inmediata, garant\u00eda y configuraciones a medida Servidores confiables para tu negocio Comprar un servidor Dell para tu uso personal, negocio o empresa es contar con el respaldo y la confiabilidad que te...","protected":false},"author":1,"featured_media":0,"parent":0,"menu_order":0,"comment_status":"closed","ping_status":"closed","template":"","meta":[],"_links":{"self":[{"href":"https:\/\/ultranetxxi.net\/sitio\/wp-json\/wp\/v2\/pages\/4308"}],"collection":[{"href":"https:\/\/ultranetxxi.net\/sitio\/wp-json\/wp\/v2\/pages"}],"about":[{"href":"https:\/\/ultranetxxi.net\/sitio\/wp-json\/wp\/v2\/types\/page"}],"author":[{"embeddable":true,"href":"https:\/\/ultranetxxi.net\/sitio\/wp-json\/wp\/v2\/users\/1"}],"replies":[{"embeddable":true,"href":"https:\/\/ultranetxxi.net\/sitio\/wp-json\/wp\/v2\/comments?post=4308"}],"version-history":[{"count":19,"href":"https:\/\/ultranetxxi.net\/sitio\/wp-json\/wp\/v2\/pages\/4308\/revisions"}],"predecessor-version":[{"id":4337,"href":"https:\/\/ultranetxxi.net\/sitio\/wp-json\/wp\/v2\/pages\/4308\/revisions\/4337"}],"wp:attachment":[{"href":"https:\/\/ultranetxxi.net\/sitio\/wp-json\/wp\/v2\/media?parent=4308"}],"curies":[{"name":"wp","href":"https:\/\/api.w.org\/{rel}","templated":true}]}}