{"id":4221,"date":"2022-06-03T01:27:59","date_gmt":"2022-06-03T01:27:59","guid":{"rendered":"https:\/\/ultranetxxi.net\/sitio\/?page_id=4221"},"modified":"2025-11-04T03:45:56","modified_gmt":"2025-11-04T03:45:56","slug":"correo-electronico-empresas","status":"publish","type":"page","link":"https:\/\/ultranetxxi.net\/sitio\/correo-electronico-empresas\/","title":{"rendered":"Correo electr\u00f3nico empresarial"},"content":{"rendered":"<section class=\"l-section wpb_row height_medium color_primary\"><div class=\"l-section-h i-cf\"><div class=\"g-cols type_default\"><div class=\"vc_col-sm-12 wpb_column vc_column_container\"><div class=\"vc_column-inner\"><div class=\"wpb_wrapper\"><div class=\"wpb_text_column \"><div class=\"wpb_wrapper\">\n<h1 style=\"text-align: center;\">Correo electr\u00f3nico empresarial<\/h1>\n<h4 style=\"text-align: center;\">Correo con blindaje ante amenazas inform\u00e1ticas con avanzados filtros anti spam, antivirus y antiphishing<\/h4>\n<\/div> <\/div> <\/div><\/div><\/div><\/div><\/div><\/section><section class=\"l-section wpb_row height_medium\"><div class=\"l-section-h i-cf\"><div class=\"g-cols type_default\"><div class=\"vc_col-sm-12 wpb_column vc_column_container\"><div class=\"vc_column-inner\"><div class=\"wpb_wrapper\"><div class=\"g-cols wpb_row type_default vc_inner \"><div class=\"vc_col-sm-6 wpb_column vc_column_container\"><div class=\"vc_column-inner\"><div class=\"wpb_wrapper\"><div class=\"wpb_text_column \"><div class=\"wpb_wrapper\">\n<h4>Seguridad como pilar fundamental<\/h4>\n<p>El correo electr\u00f3nico se ha vuelto la puerta de entrada m\u00e1s explotada por los criminales inform\u00e1ticos, distribuyendo campa\u00f1as de virus, spam y pishing en el d\u00eda a d\u00eda. Por esa raz\u00f3n nuestro servicio de correo electr\u00f3nico empresarial centra su oferta en mantener tu casilla de entrada segura para proteger a tu organizaci\u00f3n ante este escenario tan frecuente en la industria.<\/div> <\/div> <\/div><\/div><\/div><div class=\"vc_col-sm-6 wpb_column vc_column_container\"><div class=\"vc_column-inner\"><div class=\"wpb_wrapper\"><div class=\"w-image\"><div class=\"us-frame\"><img width=\"800\" height=\"400\" src=\"https:\/\/ultranetxxi.net\/sitio\/wp-content\/uploads\/2022\/06\/email-seguro.webp\" class=\"attachment-full size-full\" alt=\"\" loading=\"lazy\" srcset=\"https:\/\/ultranetxxi.net\/sitio\/wp-content\/uploads\/2022\/06\/email-seguro.webp 800w, https:\/\/ultranetxxi.net\/sitio\/wp-content\/uploads\/2022\/06\/email-seguro-300x150.webp 300w, https:\/\/ultranetxxi.net\/sitio\/wp-content\/uploads\/2022\/06\/email-seguro-768x384.webp 768w, https:\/\/ultranetxxi.net\/sitio\/wp-content\/uploads\/2022\/06\/email-seguro-600x300.webp 600w\" sizes=\"(max-width: 800px) 100vw, 800px\" \/><\/div><\/div><\/div><\/div><\/div><\/div><div class=\"g-cols wpb_row type_default vc_inner \"><div class=\"vc_col-sm-12 wpb_column vc_column_container\"><div class=\"vc_column-inner\"><div class=\"wpb_wrapper\"><div class=\"w-separator type_default size_medium thick_1 style_solid color_border cont_icon\"><span class=\"w-separator-h\"><i class=\"fa fa-chevron-down\"><\/i><\/span><\/div><\/div><\/div><\/div><\/div><div class=\"g-cols wpb_row type_default vc_inner \"><div class=\"vc_col-sm-6 wpb_column vc_column_container\"><div class=\"vc_column-inner\"><div class=\"wpb_wrapper\"><div class=\"w-image\"><div class=\"us-frame\"><img width=\"1200\" height=\"720\" src=\"https:\/\/ultranetxxi.net\/sitio\/wp-content\/uploads\/2022\/06\/Outlook-white-2.png\" class=\"attachment-full size-full\" alt=\"\" loading=\"lazy\" srcset=\"https:\/\/ultranetxxi.net\/sitio\/wp-content\/uploads\/2022\/06\/Outlook-white-2.png 1200w, https:\/\/ultranetxxi.net\/sitio\/wp-content\/uploads\/2022\/06\/Outlook-white-2-300x180.png 300w, https:\/\/ultranetxxi.net\/sitio\/wp-content\/uploads\/2022\/06\/Outlook-white-2-1024x614.png 1024w, https:\/\/ultranetxxi.net\/sitio\/wp-content\/uploads\/2022\/06\/Outlook-white-2-768x461.png 768w, https:\/\/ultranetxxi.net\/sitio\/wp-content\/uploads\/2022\/06\/Outlook-white-2-600x360.png 600w\" sizes=\"(max-width: 1200px) 100vw, 1200px\" \/><\/div><\/div><\/div><\/div><\/div><div class=\"vc_col-sm-6 wpb_column vc_column_container\"><div class=\"vc_column-inner\"><div class=\"wpb_wrapper\"><div class=\"wpb_text_column \"><div class=\"wpb_wrapper\">\n<h4>Correo que funciona con Outlook<\/h4>\n<p>Nuestro servicio de correo funciona con el cliente de correo m\u00e1s popular del entorno empresarial: Microsoft Outlook, por lo tanto todas sus funciones de productividad seguir\u00e1n funcionando tan bien en tu empresa como siempre. De igual forma esta compatibilidad se extiende a cualquier otro cliente IMAP para todas las plataformas.<\/div> <\/div> <\/div><\/div><\/div><\/div><div class=\"g-cols wpb_row type_default vc_inner \"><div class=\"vc_col-sm-12 wpb_column vc_column_container\"><div class=\"vc_column-inner\"><div class=\"wpb_wrapper\"><div class=\"w-separator type_default size_medium thick_1 style_solid color_border cont_icon\"><span class=\"w-separator-h\"><i class=\"fa fa-chevron-down\"><\/i><\/span><\/div><\/div><\/div><\/div><\/div><div class=\"g-cols wpb_row type_default vc_inner \"><div class=\"vc_col-sm-8 wpb_column vc_column_container\"><div class=\"vc_column-inner\"><div class=\"wpb_wrapper\"><div class=\"wpb_text_column \"><div class=\"wpb_wrapper\">\n<h4>Flexibilidad total = M\u00e1ximo aprovechamiento de los recursos de la empresa<\/h4>\n<p>Con otros proveedores pagas por capacidad que no se usa, en cambio con nuestro servicio podr\u00e1s personalizar la capacidad de cada cuenta de usuario de tu empresa, esto permite que optimices gastos y obtengas el mejor provecho del plan contratado.<\/p>\n<p>Contamos con planes para equipos desde 3 personas y capacidad global por empresa de hasta cientos de terabytes.<\/div> <\/div> <\/div><\/div><\/div><div class=\"vc_col-sm-4 wpb_column vc_column_container\"><div class=\"vc_column-inner\"><div class=\"wpb_wrapper\"><div class=\"wpb_text_column \"><div class=\"wpb_wrapper\">\n<h6>Ahorra hasta el 30% vs otras opciones<\/h6>\n<p>Obtener m\u00e1s capacidad, seguridad ante amenazas inform\u00e1ticas a un nivel superior y un servicio t\u00e9cnico eficiente no tiene que costar m\u00e1s. Ahorra contratando hoy mismo, te ayudaremos a migrar desde otros proveedores sin costo.<\/div> <\/div> <div class=\"w-btn-wrapper align_left\"><a class=\"w-btn style_solid color_red icon_atleft\" href=\"mailto:info@ultranetxxi.net\"><i class=\"fa fa-star\"><\/i><span class=\"w-btn-label\">Contratar correo empresarial<\/span><\/a><\/div><\/div><\/div><\/div><\/div><div class=\"g-cols wpb_row type_default vc_inner \"><div class=\"vc_col-sm-12 wpb_column vc_column_container\"><div class=\"vc_column-inner\"><div class=\"wpb_wrapper\"><div class=\"w-separator type_default size_medium thick_1 style_solid color_border cont_icon\"><span class=\"w-separator-h\"><i class=\"fa fa-chevron-down\"><\/i><\/span><\/div><\/div><\/div><\/div><\/div><div class=\"g-cols wpb_row type_default vc_inner \"><div class=\"vc_col-sm-3 wpb_column vc_column_container\"><div class=\"vc_column-inner\"><div class=\"wpb_wrapper\"><div class=\"w-image\"><div class=\"us-frame\"><img width=\"463\" height=\"463\" src=\"https:\/\/ultranetxxi.net\/sitio\/wp-content\/uploads\/2022\/06\/Kaspersky-Security-Mail-Server.png\" class=\"attachment-full size-full\" alt=\"\" loading=\"lazy\" srcset=\"https:\/\/ultranetxxi.net\/sitio\/wp-content\/uploads\/2022\/06\/Kaspersky-Security-Mail-Server.png 463w, https:\/\/ultranetxxi.net\/sitio\/wp-content\/uploads\/2022\/06\/Kaspersky-Security-Mail-Server-300x300.png 300w, https:\/\/ultranetxxi.net\/sitio\/wp-content\/uploads\/2022\/06\/Kaspersky-Security-Mail-Server-150x150.png 150w, https:\/\/ultranetxxi.net\/sitio\/wp-content\/uploads\/2022\/06\/Kaspersky-Security-Mail-Server-100x100.png 100w, https:\/\/ultranetxxi.net\/sitio\/wp-content\/uploads\/2022\/06\/Kaspersky-Security-Mail-Server-350x350.png 350w\" sizes=\"(max-width: 463px) 100vw, 463px\" \/><\/div><\/div><\/div><\/div><\/div><div class=\"vc_col-sm-9 wpb_column vc_column_container\"><div class=\"vc_column-inner\"><div class=\"wpb_wrapper\"><div class=\"wpb_text_column \"><div class=\"wpb_wrapper\">\n<h4>Seguridad y confianza a la medida de tu empresa<\/h4>\n<p>La seguridad de tu bandeja de entrada est\u00e1 respaldada por el filtro lider del mercado empresarial Kaspersky Security for Email Server, totalmente administrado por nuestro equipo de expertos y como complemento podr\u00e1s contar con nosotros para brindarte el licenciamiento para extender la protecci\u00f3n ante amenazas locales con Kaspersky para los equipos de computo de tu organizaci\u00f3n.<\/div> <\/div> <\/div><\/div><\/div><\/div><div class=\"g-cols wpb_row type_default vc_inner \"><div class=\"vc_col-sm-12 wpb_column vc_column_container\"><div class=\"vc_column-inner\"><div class=\"wpb_wrapper\"><div class=\"w-separator type_invisible size_medium thick_1 style_solid color_border cont_none\"><span class=\"w-separator-h\"><\/span><\/div><\/div><\/div><\/div><\/div><\/div><\/div><\/div><\/div><\/div><\/section>\n","protected":false},"excerpt":{"rendered":"Correo electr\u00f3nico empresarial Correo con blindaje ante amenazas inform\u00e1ticas con avanzados filtros anti spam, antivirus y antiphishing Seguridad como pilar fundamental El correo electr\u00f3nico se ha vuelto la puerta de entrada m\u00e1s explotada por los criminales inform\u00e1ticos, distribuyendo campa\u00f1as de...","protected":false},"author":1,"featured_media":0,"parent":0,"menu_order":0,"comment_status":"closed","ping_status":"closed","template":"","meta":[],"_links":{"self":[{"href":"https:\/\/ultranetxxi.net\/sitio\/wp-json\/wp\/v2\/pages\/4221"}],"collection":[{"href":"https:\/\/ultranetxxi.net\/sitio\/wp-json\/wp\/v2\/pages"}],"about":[{"href":"https:\/\/ultranetxxi.net\/sitio\/wp-json\/wp\/v2\/types\/page"}],"author":[{"embeddable":true,"href":"https:\/\/ultranetxxi.net\/sitio\/wp-json\/wp\/v2\/users\/1"}],"replies":[{"embeddable":true,"href":"https:\/\/ultranetxxi.net\/sitio\/wp-json\/wp\/v2\/comments?post=4221"}],"version-history":[{"count":14,"href":"https:\/\/ultranetxxi.net\/sitio\/wp-json\/wp\/v2\/pages\/4221\/revisions"}],"predecessor-version":[{"id":4305,"href":"https:\/\/ultranetxxi.net\/sitio\/wp-json\/wp\/v2\/pages\/4221\/revisions\/4305"}],"wp:attachment":[{"href":"https:\/\/ultranetxxi.net\/sitio\/wp-json\/wp\/v2\/media?parent=4221"}],"curies":[{"name":"wp","href":"https:\/\/api.w.org\/{rel}","templated":true}]}}