{"id":4188,"date":"2022-05-31T18:28:12","date_gmt":"2022-05-31T18:28:12","guid":{"rendered":"https:\/\/ultranetxxi.net\/sitio\/?page_id=4188"},"modified":"2025-11-04T03:47:08","modified_gmt":"2025-11-04T03:47:08","slug":"nube-empresarial","status":"publish","type":"page","link":"https:\/\/ultranetxxi.net\/sitio\/nube-empresarial\/","title":{"rendered":"Nube empresarial"},"content":{"rendered":"<section class=\"l-section wpb_row height_medium color_primary\"><div class=\"l-section-h i-cf\"><div class=\"g-cols type_default\"><div class=\"vc_col-sm-12 wpb_column vc_column_container\"><div class=\"vc_column-inner\"><div class=\"wpb_wrapper\"><div class=\"wpb_text_column \"><div class=\"wpb_wrapper\">\n<h1 style=\"text-align: center;\">Nube empresarial<\/h1>\n<h4 style=\"text-align: center;\">Almacenamiento masivo seguro para sus archivos con herramientas de colaboraci\u00f3n<\/h4>\n<\/div> <\/div> <\/div><\/div><\/div><\/div><\/div><\/section><section class=\"l-section wpb_row height_medium\"><div class=\"l-section-h i-cf\"><div class=\"g-cols type_default\"><div class=\"vc_col-sm-12 wpb_column vc_column_container\"><div class=\"vc_column-inner\"><div class=\"wpb_wrapper\"><div class=\"g-cols wpb_row type_default vc_inner \"><div class=\"vc_col-sm-6 wpb_column vc_column_container\"><div class=\"vc_column-inner\"><div class=\"wpb_wrapper\"><div class=\"wpb_text_column \"><div class=\"wpb_wrapper\">\n<h4>Resguardar, colaborar y compartir<\/h4>\n<p>Son algunos de los objetivos que podr\u00e1 lograr con nuestra nube empresarial, todo esto de forma segura. Su informaci\u00f3n perfectamente ordenada con controles de acceso especificos podr\u00e1 permitir a su empresa colaborar de una manera m\u00e1s eficiente.<\/p>\n<p>Nuestra plataforma disponible para grupos desde 3 a cientos de empleados le permitir\u00e1 recibir informaci\u00f3n de clientes, compartir informaci\u00f3n con proveedores o gestionar los datos internos de la empresa entre departamentos de una forma muy sencilla.<\/div> <\/div> <\/div><\/div><\/div><div class=\"vc_col-sm-6 wpb_column vc_column_container\"><div class=\"vc_column-inner\"><div class=\"wpb_wrapper\"><div class=\"w-image\"><div class=\"us-frame\"><img width=\"418\" height=\"210\" src=\"https:\/\/ultranetxxi.net\/sitio\/wp-content\/uploads\/2015\/01\/web-devices3.jpg\" class=\"attachment-full size-full\" alt=\"\" loading=\"lazy\" srcset=\"https:\/\/ultranetxxi.net\/sitio\/wp-content\/uploads\/2015\/01\/web-devices3.jpg 418w, https:\/\/ultranetxxi.net\/sitio\/wp-content\/uploads\/2015\/01\/web-devices3-300x151.jpg 300w\" sizes=\"(max-width: 418px) 100vw, 418px\" \/><\/div><\/div><\/div><\/div><\/div><\/div><div class=\"g-cols wpb_row type_default vc_inner \"><div class=\"vc_col-sm-12 wpb_column vc_column_container\"><div class=\"vc_column-inner\"><div class=\"wpb_wrapper\"><div class=\"w-separator type_default size_medium thick_1 style_solid color_border cont_icon\"><span class=\"w-separator-h\"><i class=\"fa fa-chevron-down\"><\/i><\/span><\/div><\/div><\/div><\/div><\/div><div class=\"g-cols wpb_row type_default vc_inner \"><div class=\"vc_col-sm-6 wpb_column vc_column_container\"><div class=\"vc_column-inner\"><div class=\"wpb_wrapper\"><div class=\"w-image\"><div class=\"us-frame\"><img width=\"1200\" height=\"720\" src=\"https:\/\/ultranetxxi.net\/sitio\/wp-content\/uploads\/2022\/05\/nextcloud.jpg\" class=\"attachment-full size-full\" alt=\"nube empresarial\" loading=\"lazy\" srcset=\"https:\/\/ultranetxxi.net\/sitio\/wp-content\/uploads\/2022\/05\/nextcloud.jpg 1200w, https:\/\/ultranetxxi.net\/sitio\/wp-content\/uploads\/2022\/05\/nextcloud-300x180.jpg 300w, https:\/\/ultranetxxi.net\/sitio\/wp-content\/uploads\/2022\/05\/nextcloud-1024x614.jpg 1024w, https:\/\/ultranetxxi.net\/sitio\/wp-content\/uploads\/2022\/05\/nextcloud-768x461.jpg 768w, https:\/\/ultranetxxi.net\/sitio\/wp-content\/uploads\/2022\/05\/nextcloud-600x360.jpg 600w\" sizes=\"(max-width: 1200px) 100vw, 1200px\" \/><\/div><\/div><\/div><\/div><\/div><div class=\"vc_col-sm-6 wpb_column vc_column_container\"><div class=\"vc_column-inner\"><div class=\"wpb_wrapper\"><div class=\"wpb_text_column \"><div class=\"wpb_wrapper\">\n<h4>Personalizaci\u00f3n<\/h4>\n<p>Nuestra nube empresarial reflejar\u00e1 su profesionalismo ante sus clientes y equipo al est\u00e1r personalizada con su identidad corporativa.<\/p>\n<h4>Ahorro<\/h4>\n<p>Olvide el tener que pagar por cada cuenta de usuario como con otros proveedores ya que con nuestra nube empresarial podr\u00e1 dar de alta usuarios ilimitados y asignar su espacio de almacenamiento disponible para optimizar los costos de su empresa.<\/div> <\/div> <\/div><\/div><\/div><\/div><div class=\"g-cols wpb_row type_default vc_inner \"><div class=\"vc_col-sm-12 wpb_column vc_column_container\"><div class=\"vc_column-inner\"><div class=\"wpb_wrapper\"><div class=\"w-separator type_default size_medium thick_1 style_solid color_border cont_icon\"><span class=\"w-separator-h\"><i class=\"fa fa-chevron-down\"><\/i><\/span><\/div><\/div><\/div><\/div><\/div><div class=\"g-cols wpb_row type_default vc_inner \"><div class=\"vc_col-sm-6 wpb_column vc_column_container\"><div class=\"vc_column-inner\"><div class=\"wpb_wrapper\"><div class=\"wpb_text_column \"><div class=\"wpb_wrapper\">\n<h4>Seguridad integrada<\/h4>\n<p>Registros de acceso, respaldos, versionamiento de sus archivos, modulo de protecci\u00f3n anti ramsonware incluido<\/p>\n<p><strong>Tranquilidad total<\/strong> para su empresa.<\/div> <\/div> <\/div><\/div><\/div><div class=\"vc_col-sm-6 wpb_column vc_column_container\"><div class=\"vc_column-inner\"><div class=\"wpb_wrapper\"><div class=\"wpb_text_column \"><div class=\"wpb_wrapper\">\n<h6>Alta capacidad de almacenamiento<\/h6>\n<p>Planes disponibles desde 500GB a m\u00e1s de 200TB de capacidad con cuotas asignables personalizables para sus usuarios, lo cual le permitir\u00e1 eficientar el uso de los recursos disponibles para su empresa.<\/div> <\/div> <div class=\"w-btn-wrapper align_left\"><a class=\"w-btn style_solid color_red icon_atleft\" href=\"mailto:info@ultranetxxi.net\"><i class=\"fa fa-star\"><\/i><span class=\"w-btn-label\">Contratar nube empresarial<\/span><\/a><\/div><\/div><\/div><\/div><\/div><div class=\"g-cols wpb_row type_default vc_inner \"><div class=\"vc_col-sm-12 wpb_column vc_column_container\"><div class=\"vc_column-inner\"><div class=\"wpb_wrapper\"><div class=\"w-separator type_default size_medium thick_1 style_solid color_border cont_icon\"><span class=\"w-separator-h\"><i class=\"fa fa-chevron-down\"><\/i><\/span><\/div><\/div><\/div><\/div><\/div><div class=\"g-cols wpb_row type_default vc_inner \"><div class=\"vc_col-sm-12 wpb_column vc_column_container\"><div class=\"vc_column-inner\"><div class=\"wpb_wrapper\"><div class=\"w-gallery layout_masonry cols_6 with_indents style_simple link_media\"><div class=\"w-gallery-list\"><a class=\"w-gallery-item order_1\" href=\"https:\/\/ultranetxxi.net\/sitio\/wp-content\/uploads\/2022\/06\/deges.jpg\" title=\"deges\"><div class=\"w-gallery-item-img\"><img width=\"244\" height=\"97\" src=\"https:\/\/ultranetxxi.net\/sitio\/wp-content\/uploads\/2022\/06\/deges.jpg\" class=\"attachment-tnail-masonry size-tnail-masonry\" alt=\"\" loading=\"lazy\" \/><\/div><\/a><a class=\"w-gallery-item order_2\" href=\"https:\/\/ultranetxxi.net\/sitio\/wp-content\/uploads\/2022\/06\/regio-it.jpg\" title=\"regio-it\"><div class=\"w-gallery-item-img\"><img width=\"244\" height=\"97\" src=\"https:\/\/ultranetxxi.net\/sitio\/wp-content\/uploads\/2022\/06\/regio-it.jpg\" class=\"attachment-tnail-masonry size-tnail-masonry\" alt=\"\" loading=\"lazy\" \/><\/div><\/a><a class=\"w-gallery-item order_3\" href=\"https:\/\/ultranetxxi.net\/sitio\/wp-content\/uploads\/2022\/06\/siemens.jpg\" title=\"siemens\"><div class=\"w-gallery-item-img\"><img width=\"244\" height=\"97\" src=\"https:\/\/ultranetxxi.net\/sitio\/wp-content\/uploads\/2022\/06\/siemens.jpg\" class=\"attachment-tnail-masonry size-tnail-masonry\" alt=\"\" loading=\"lazy\" \/><\/div><\/a><a class=\"w-gallery-item order_4\" href=\"https:\/\/ultranetxxi.net\/sitio\/wp-content\/uploads\/2022\/06\/tu-berlin.jpg\" title=\"tu-berlin\"><div class=\"w-gallery-item-img\"><img width=\"244\" height=\"97\" src=\"https:\/\/ultranetxxi.net\/sitio\/wp-content\/uploads\/2022\/06\/tu-berlin.jpg\" class=\"attachment-tnail-masonry size-tnail-masonry\" alt=\"\" loading=\"lazy\" \/><\/div><\/a><a class=\"w-gallery-item order_5\" href=\"https:\/\/ultranetxxi.net\/sitio\/wp-content\/uploads\/2022\/06\/wikimedia.jpg\" title=\"wikimedia\"><div class=\"w-gallery-item-img\"><img width=\"244\" height=\"97\" src=\"https:\/\/ultranetxxi.net\/sitio\/wp-content\/uploads\/2022\/06\/wikimedia.jpg\" class=\"attachment-tnail-masonry size-tnail-masonry\" alt=\"\" loading=\"lazy\" \/><\/div><\/a><a class=\"w-gallery-item order_6\" href=\"https:\/\/ultranetxxi.net\/sitio\/wp-content\/uploads\/2022\/06\/deic.jpg\" title=\"deic\"><div class=\"w-gallery-item-img\"><img width=\"244\" height=\"97\" src=\"https:\/\/ultranetxxi.net\/sitio\/wp-content\/uploads\/2022\/06\/deic.jpg\" class=\"attachment-tnail-masonry size-tnail-masonry\" alt=\"\" loading=\"lazy\" \/><\/div><\/a><\/div><\/div>\n<div class=\"wpb_text_column \"><div class=\"wpb_wrapper\"><p>Algunas empresas e instituciones que confian en Nextcloud como su plataforma de nube empresarial<\/p><\/div> <\/div> <\/div><\/div><\/div><\/div><\/div><\/div><\/div><\/div><\/div><\/section>\n","protected":false},"excerpt":{"rendered":"Nube empresarial Almacenamiento masivo seguro para sus archivos con herramientas de colaboraci\u00f3n Resguardar, colaborar y compartir Son algunos de los objetivos que podr\u00e1 lograr con nuestra nube empresarial, todo esto de forma segura. Su informaci\u00f3n perfectamente ordenada con controles de...","protected":false},"author":1,"featured_media":0,"parent":0,"menu_order":0,"comment_status":"closed","ping_status":"closed","template":"","meta":[],"_links":{"self":[{"href":"https:\/\/ultranetxxi.net\/sitio\/wp-json\/wp\/v2\/pages\/4188"}],"collection":[{"href":"https:\/\/ultranetxxi.net\/sitio\/wp-json\/wp\/v2\/pages"}],"about":[{"href":"https:\/\/ultranetxxi.net\/sitio\/wp-json\/wp\/v2\/types\/page"}],"author":[{"embeddable":true,"href":"https:\/\/ultranetxxi.net\/sitio\/wp-json\/wp\/v2\/users\/1"}],"replies":[{"embeddable":true,"href":"https:\/\/ultranetxxi.net\/sitio\/wp-json\/wp\/v2\/comments?post=4188"}],"version-history":[{"count":14,"href":"https:\/\/ultranetxxi.net\/sitio\/wp-json\/wp\/v2\/pages\/4188\/revisions"}],"predecessor-version":[{"id":4306,"href":"https:\/\/ultranetxxi.net\/sitio\/wp-json\/wp\/v2\/pages\/4188\/revisions\/4306"}],"wp:attachment":[{"href":"https:\/\/ultranetxxi.net\/sitio\/wp-json\/wp\/v2\/media?parent=4188"}],"curies":[{"name":"wp","href":"https:\/\/api.w.org\/{rel}","templated":true}]}}