{"id":4174,"date":"2022-05-31T16:23:24","date_gmt":"2022-05-31T16:23:24","guid":{"rendered":"https:\/\/ultranetxxi.net\/sitio\/?page_id=4174"},"modified":"2025-11-04T03:42:19","modified_gmt":"2025-11-04T03:42:19","slug":"servidores-virtuales-cloud-2","status":"publish","type":"page","link":"https:\/\/ultranetxxi.net\/sitio\/servidores-virtuales-cloud-2\/","title":{"rendered":"Servidores virtuales cloud"},"content":{"rendered":"<section class=\"l-section wpb_row height_medium color_primary\"><div class=\"l-section-h i-cf\"><div class=\"g-cols type_default\"><div class=\"vc_col-sm-12 wpb_column vc_column_container\"><div class=\"vc_column-inner\"><div class=\"wpb_wrapper\"><div class=\"wpb_text_column \"><div class=\"wpb_wrapper\">\n<h1 style=\"text-align: center;\">Servidores virtuales cloud<\/h1>\n<h5 style=\"text-align: center;\">Elija la nube de rendimiento superior y soporte confiable en Latinoam\u00e9rica<\/h5>\n<\/div> <\/div> <\/div><\/div><\/div><\/div><\/div><\/section><section class=\"l-section wpb_row height_medium\"><div class=\"l-section-h i-cf\"><div class=\"g-cols type_default\"><div class=\"vc_col-sm-12 wpb_column vc_column_container\"><div class=\"vc_column-inner\"><div class=\"wpb_wrapper\"><div class=\"g-cols wpb_row type_default vc_inner \"><div class=\"vc_col-sm-12 wpb_column vc_column_container\"><div class=\"vc_column-inner\"><div class=\"wpb_wrapper\"><div class=\"wpb_text_column \"><div class=\"wpb_wrapper\"><p>Un servidor es practicamente el motor de su negocio, obtenga con UltranetXXI los servidores que requiera, con recursos dedicados, para lograr el mejor rendimiento de sus proyectos.<\/p>\n<p>Contamos con planes de diferentes caracter\u00edsticas listos para cumplir las necesidades de cualquiera de sus proyectos, ya sea que requiera alta capacidad en disco con velocidades de acceso discretas o el mayor desempe\u00f1o por n\u00facleo con acceso a disco ultra r\u00e1pido.<\/p>\n<p>Compruebe el desempe\u00f1o superior que dejar\u00e1 atr\u00e1s otras nubes altamente limitadas en rendimiento.<\/p>\n<p>Nuestros expertos estar\u00e1n encantados de asesorarle en la mejor opci\u00f3n para implementar sus proyectos.<\/p><\/div> <\/div> <\/div><\/div><\/div><\/div><div class=\"g-cols wpb_row type_default vc_inner \"><div class=\"vc_col-sm-12 wpb_column vc_column_container\"><div class=\"vc_column-inner\"><div class=\"wpb_wrapper\"><div class=\"w-separator type_invisible size_medium thick_1 style_solid color_border cont_none\"><span class=\"w-separator-h\"><\/span><\/div><\/div><\/div><\/div><\/div><div class=\"g-cols wpb_row type_default vc_inner \"><div class=\"vc_col-sm-12 wpb_column vc_column_container\"><div class=\"vc_column-inner\"><div class=\"wpb_wrapper\"><div class=\"wpb_text_column \"><div class=\"wpb_wrapper\"><p>Algunas de las configuraciones m\u00e1s populares de nuestros servidores:<\/p><\/div> <\/div> <div class=\"w-tabs layout_default icon_chevron iconpos_right \"><div class=\"w-tabs-list items_3\"><div class=\"w-tabs-list-h\"><div class=\"w-tabs-item active\"><div class=\"w-tabs-item-h\"><span class=\"w-tabs-item-title\">Esencial<\/span><\/div><\/div>\n<div class=\"w-tabs-item\"><a href=\"#1657517211653-23d7903c-6bcf\" class=\"w-tabs-item-h\"><span class=\"w-tabs-item-title\">General<\/span><\/a><\/div>\n<div class=\"w-tabs-item\"><a href=\"#1657517402589-8cca7bbc-4b12\" class=\"w-tabs-item-h\"><span class=\"w-tabs-item-title\">Premium<\/span><\/a><\/div>\n<\/div><\/div><div class=\"w-tabs-sections\"><div class=\"w-tabs-sections-h\"><div class=\"w-tabs-section active\"><div class=\"w-tabs-section-header\"><div class=\"w-tabs-section-header-h\"><h5 class=\"w-tabs-section-title\">Esencial<\/h5><div class=\"w-tabs-section-control\"><\/div><\/div><\/div><div class=\"w-tabs-section-content\"><div class=\"w-tabs-section-content-h i-cf\"><div class=\"wpb_text_column \"><div class=\"wpb_wrapper\"><p>Nuestra l\u00ednea esencial de servidores virtuales cloud cuenta con recursos compartidos y es el punto de entrada para aplicaciones ligeras o entornos de desarrollo.<\/p>\n<p><strong>Ventajas:<\/strong><\/p>\n<p>Rendimiento justo para aplicaciones poco demandantes.<br \/>\nPrecios altamente competitivos.<\/p><\/div> <\/div> <div class=\"w-pricing style_1 items_4\"><div class=\"w-pricing-item type_default\"><div class=\"w-pricing-item-h\"><div class=\"w-pricing-item-header\"><h5 class=\"w-pricing-item-title\">ESN 2<\/h5><div class=\"w-pricing-item-price\">$200<small>MXN<\/small><\/div><\/div><ul class=\"w-pricing-item-features\"><li class=\"w-pricing-item-feature\">2 Cores<\/li><li class=\"w-pricing-item-feature\">2 GB en RAM<\/li><li class=\"w-pricing-item-feature\">100 GB HDD<\/li><li class=\"w-pricing-item-feature\">Acceso Root<\/li><li class=\"w-pricing-item-feature\">1 IPV4 Incluida<\/li><li class=\"w-pricing-item-feature\">2 TB transferencia<\/li><li class=\"w-pricing-item-feature\">Linux y Windows Server disponible<\/li><\/ul><div class=\"w-pricing-item-footer\"><a class=\"w-btn style_solid color_light icon_none\" href=\"mailto:info@ultranetxxi.net\" target=\"_blank\" style=\"font-size: 13px;\"><span class=\"w-btn-label\">Contratar<\/span><\/a><\/div><\/div><\/div><div class=\"w-pricing-item type_featured\"><div class=\"w-pricing-item-h\"><div class=\"w-pricing-item-header\"><h5 class=\"w-pricing-item-title\">ESN 4<\/h5><div class=\"w-pricing-item-price\">$300<small>MXN<\/small><\/div><\/div><ul class=\"w-pricing-item-features\"><li class=\"w-pricing-item-feature\">2 Cores<\/li><li class=\"w-pricing-item-feature\">4 GB en RAM<\/li><li class=\"w-pricing-item-feature\">200 GB HDD<\/li><li class=\"w-pricing-item-feature\">Acceso Root<\/li><li class=\"w-pricing-item-feature\">1 IPV4 Incluida<\/li><li class=\"w-pricing-item-feature\">3TB Transferencia<\/li><li class=\"w-pricing-item-feature\">Linux y Windows Server disponible<\/li><\/ul><div class=\"w-pricing-item-footer\"><a class=\"w-btn style_outlined color_primary icon_none\" href=\"mailto:info@ultranetxxi.net\" target=\"_blank\" style=\"font-size: 13px;\"><span class=\"w-btn-label\">Contratar<\/span><\/a><\/div><\/div><\/div><div class=\"w-pricing-item type_default\"><div class=\"w-pricing-item-h\"><div class=\"w-pricing-item-header\"><h5 class=\"w-pricing-item-title\">ESN 8<\/h5><div class=\"w-pricing-item-price\">$400<small>MXN<\/small><\/div><\/div><ul class=\"w-pricing-item-features\"><li class=\"w-pricing-item-feature\">4 Cores<\/li><li class=\"w-pricing-item-feature\">8 GB en RAM<\/li><li class=\"w-pricing-item-feature\">400 GB HDD<\/li><li class=\"w-pricing-item-feature\">Acceso Root<\/li><li class=\"w-pricing-item-feature\">1 IPV4 Incluida<\/li><li class=\"w-pricing-item-feature\">4TB Transferencia<\/li><li class=\"w-pricing-item-feature\">Linux y Windows Server disponible<\/li><\/ul><div class=\"w-pricing-item-footer\"><a class=\"w-btn style_solid color_light icon_none\" href=\"mailto:info@ultranetxxi.net\" target=\"_blank\" style=\"font-size: 13px;\"><span class=\"w-btn-label\">Contratar<\/span><\/a><\/div><\/div><\/div><div class=\"w-pricing-item type_featured\"><div class=\"w-pricing-item-h\"><div class=\"w-pricing-item-header\"><h5 class=\"w-pricing-item-title\">ESN 16<\/h5><div class=\"w-pricing-item-price\">$800<small>MXN<\/small><\/div><\/div><ul class=\"w-pricing-item-features\"><li class=\"w-pricing-item-feature\">5 Cores<\/li><li class=\"w-pricing-item-feature\">16 GB en RAM<\/li><li class=\"w-pricing-item-feature\">800 GB HDD<\/li><li class=\"w-pricing-item-feature\">Acceso Root<\/li><li class=\"w-pricing-item-feature\">1 IPV4 Incluida<\/li><li class=\"w-pricing-item-feature\">8TB Transferencia<\/li><li class=\"w-pricing-item-feature\">Linux y Windows Server disponible<\/li><\/ul><div class=\"w-pricing-item-footer\"><a class=\"w-btn style_solid color_light icon_none\" href=\"mailto:info@ultranetxxi.net\" target=\"_blank\" style=\"font-size: 13px;\"><span class=\"w-btn-label\">Contratar<\/span><\/a><\/div><\/div><\/div><\/div><\/div><\/div><\/div><div class=\"w-tabs-section\" id=\"1657517211653-23d7903c-6bcf\"><a href=\"#1657517211653-23d7903c-6bcf\" class=\"w-tabs-section-header\"><div class=\"w-tabs-section-header-h\"><h5 class=\"w-tabs-section-title\">General<\/h5><div class=\"w-tabs-section-control\"><\/div><\/div><\/a><div class=\"w-tabs-section-content\"><div class=\"w-tabs-section-content-h i-cf\"><div class=\"wpb_text_column \"><div class=\"wpb_wrapper\"><p>La l\u00ednea general de servidores cloud te brinda un buen balance en rendimiento y costo, con configuraciones t\u00edpicas para satisfacer la mayor\u00eda de los requerimientos de las aplicaciones, disfrutando de alta velocidad de discos SSD con prioridad moderada de procesamiento CPU.<\/p>\n<p><strong>Ventajas:<\/strong><\/p>\n<p>Recursos prioritarios, rendimiento superior a otros proveedores masivos. Almacenamiento SSD.<\/p><\/div> <\/div> <div class=\"w-pricing style_1 items_5\"><div class=\"w-pricing-item type_default\"><div class=\"w-pricing-item-h\"><div class=\"w-pricing-item-header\"><h5 class=\"w-pricing-item-title\">GN 2<\/h5><div class=\"w-pricing-item-price\">$300<small>MXN<\/small><\/div><\/div><ul class=\"w-pricing-item-features\"><li class=\"w-pricing-item-feature\">2 Cores<\/li><li class=\"w-pricing-item-feature\">2 GB en RAM<\/li><li class=\"w-pricing-item-feature\">60 GB SSD<\/li><li class=\"w-pricing-item-feature\">Acceso Root<\/li><li class=\"w-pricing-item-feature\">1 IPV4 Incluida<\/li><li class=\"w-pricing-item-feature\">2 TB transferencia<\/li><li class=\"w-pricing-item-feature\">Linux y Windows Server disponible<\/li><\/ul><div class=\"w-pricing-item-footer\"><a class=\"w-btn style_solid color_light icon_none\" href=\"mailto:info@ultranetxxi.net\" target=\"_blank\" style=\"font-size: 13px;\"><span class=\"w-btn-label\">Contratar<\/span><\/a><\/div><\/div><\/div><div class=\"w-pricing-item type_featured\"><div class=\"w-pricing-item-h\"><div class=\"w-pricing-item-header\"><h5 class=\"w-pricing-item-title\">GN 4<\/h5><div class=\"w-pricing-item-price\">$400<small>MXN<\/small><\/div><\/div><ul class=\"w-pricing-item-features\"><li class=\"w-pricing-item-feature\">4 Cores<\/li><li class=\"w-pricing-item-feature\">4 GB en RAM<\/li><li class=\"w-pricing-item-feature\">120 GB SSD<\/li><li class=\"w-pricing-item-feature\">Acceso Root<\/li><li class=\"w-pricing-item-feature\">1 IPV4 Incluida<\/li><li class=\"w-pricing-item-feature\">3TB Transferencia<\/li><li class=\"w-pricing-item-feature\">Linux y Windows Server disponible<\/li><\/ul><div class=\"w-pricing-item-footer\"><a class=\"w-btn style_outlined color_primary icon_none\" href=\"mailto:info@ultranetxxi.net\" target=\"_blank\" style=\"font-size: 13px;\"><span class=\"w-btn-label\">Contratar<\/span><\/a><\/div><\/div><\/div><div class=\"w-pricing-item type_default\"><div class=\"w-pricing-item-h\"><div class=\"w-pricing-item-header\"><h5 class=\"w-pricing-item-title\">GN 8<\/h5><div class=\"w-pricing-item-price\">$800<small>MXN<\/small><\/div><\/div><ul class=\"w-pricing-item-features\"><li class=\"w-pricing-item-feature\">6 Cores<\/li><li class=\"w-pricing-item-feature\">8 GB en RAM<\/li><li class=\"w-pricing-item-feature\">240 GB SSD<\/li><li class=\"w-pricing-item-feature\">Acceso Root<\/li><li class=\"w-pricing-item-feature\">1 IPV4 Incluida<\/li><li class=\"w-pricing-item-feature\">4TB Transferencia<\/li><li class=\"w-pricing-item-feature\">Linux y Windows Server disponible<\/li><\/ul><div class=\"w-pricing-item-footer\"><a class=\"w-btn style_solid color_light icon_none\" href=\"mailto:info@ultranetxxi.net\" target=\"_blank\" style=\"font-size: 13px;\"><span class=\"w-btn-label\">Contratar<\/span><\/a><\/div><\/div><\/div><div class=\"w-pricing-item type_default\"><div class=\"w-pricing-item-h\"><div class=\"w-pricing-item-header\"><h5 class=\"w-pricing-item-title\">GN 16<\/h5><div class=\"w-pricing-item-price\">$1200<small>MXN<\/small><\/div><\/div><ul class=\"w-pricing-item-features\"><li class=\"w-pricing-item-feature\">8 Cores<\/li><li class=\"w-pricing-item-feature\">16 GB en RAM<\/li><li class=\"w-pricing-item-feature\">480 GB SSD<\/li><li class=\"w-pricing-item-feature\">Acceso Root<\/li><li class=\"w-pricing-item-feature\">1 IPV4 Incluida<\/li><li class=\"w-pricing-item-feature\">8TB Transferencia<\/li><li class=\"w-pricing-item-feature\">Linux y Windows Server disponible<\/li><\/ul><div class=\"w-pricing-item-footer\"><a class=\"w-btn style_solid color_light icon_none\" href=\"mailto:info@ultranetxxi.net\" target=\"_blank\" style=\"font-size: 13px;\"><span class=\"w-btn-label\">Contratar<\/span><\/a><\/div><\/div><\/div><div class=\"w-pricing-item type_default\"><div class=\"w-pricing-item-h\"><div class=\"w-pricing-item-header\"><h5 class=\"w-pricing-item-title\">GN 32<\/h5><div class=\"w-pricing-item-price\">$2400<small>MXN<\/small><\/div><\/div><ul class=\"w-pricing-item-features\"><li class=\"w-pricing-item-feature\">12 Cores<\/li><li class=\"w-pricing-item-feature\">32 GB en RAM<\/li><li class=\"w-pricing-item-feature\">960 GB SSD<\/li><li class=\"w-pricing-item-feature\">Acceso Root<\/li><li class=\"w-pricing-item-feature\">1 IPV4 Incluida<\/li><li class=\"w-pricing-item-feature\">10TB Transferencia<\/li><li class=\"w-pricing-item-feature\">Linux y Windows Server disponible<\/li><\/ul><div class=\"w-pricing-item-footer\"><a class=\"w-btn style_solid color_light icon_none\" href=\"mailto:info@ultranetxxi.net\" target=\"_blank\" style=\"font-size: 13px;\"><span class=\"w-btn-label\">Contratar<\/span><\/a><\/div><\/div><\/div><\/div><\/div><\/div><\/div><div class=\"w-tabs-section\" id=\"1657517402589-8cca7bbc-4b12\"><a href=\"#1657517402589-8cca7bbc-4b12\" class=\"w-tabs-section-header\"><div class=\"w-tabs-section-header-h\"><h5 class=\"w-tabs-section-title\">Premium<\/h5><div class=\"w-tabs-section-control\"><\/div><\/div><\/a><div class=\"w-tabs-section-content\"><div class=\"w-tabs-section-content-h i-cf\"><div class=\"wpb_text_column \"><div class=\"wpb_wrapper\"><p>Nuestra l\u00ednea Premium de servidores virtuales cloud te sorprender\u00e1 con la alta velocidad de sus procesadores y la gran velocidad de acceso al almacenamiento en discos NVMe con configuraciones de alta capacidad para agilizar cualquiera de las aplicaciones o servicios web que implementes en ellos.<\/p>\n<p><strong>Aprovecha<\/strong> ahorro del 25% ya incluido en el precio por tiempo limitado.<\/p>\n<p><strong>Ventajas:<\/strong><\/p>\n<p>Recursos prioritarios, rendimiento superior. Gran capacidad de almacenamiento SSD NVMe. CPUs de alto rendimiento.<\/p><\/div> <\/div> <div class=\"w-pricing style_1 items_5\"><div class=\"w-pricing-item type_default\"><div class=\"w-pricing-item-h\"><div class=\"w-pricing-item-header\"><h5 class=\"w-pricing-item-title\">PREM 2<\/h5><div class=\"w-pricing-item-price\">$399<small>MXN<\/small><\/div><\/div><ul class=\"w-pricing-item-features\"><li class=\"w-pricing-item-feature\">4 Cores<\/li><li class=\"w-pricing-item-feature\">2 GB en RAM<\/li><li class=\"w-pricing-item-feature\">80 GB NVMe<\/li><li class=\"w-pricing-item-feature\">Acceso Root<\/li><li class=\"w-pricing-item-feature\">1 IPV4 Incluida<\/li><li class=\"w-pricing-item-feature\">2 TB transferencia<\/li><li class=\"w-pricing-item-feature\">Linux y Windows Server disponible<\/li><\/ul><div class=\"w-pricing-item-footer\"><a class=\"w-btn style_solid color_light icon_none\" href=\"mailto:info@ultranetxxi.net\" target=\"_blank\" style=\"font-size: 13px;\"><span class=\"w-btn-label\">Contratar<\/span><\/a><\/div><\/div><\/div><div class=\"w-pricing-item type_featured\"><div class=\"w-pricing-item-h\"><div class=\"w-pricing-item-header\"><h5 class=\"w-pricing-item-title\">PREM 4<\/h5><div class=\"w-pricing-item-price\">$599<small>MXN<\/small><\/div><\/div><ul class=\"w-pricing-item-features\"><li class=\"w-pricing-item-feature\">6 Cores<\/li><li class=\"w-pricing-item-feature\">4 GB en RAM<\/li><li class=\"w-pricing-item-feature\">160 GB NVMe<\/li><li class=\"w-pricing-item-feature\">Acceso Root<\/li><li class=\"w-pricing-item-feature\">1 IPV4 Incluida<\/li><li class=\"w-pricing-item-feature\">3TB Transferencia<\/li><li class=\"w-pricing-item-feature\">Linux y Windows Server disponible<\/li><\/ul><div class=\"w-pricing-item-footer\"><a class=\"w-btn style_outlined color_primary icon_none\" href=\"mailto:info@ultranetxxi.net\" target=\"_blank\" style=\"font-size: 13px;\"><span class=\"w-btn-label\">Contratar<\/span><\/a><\/div><\/div><\/div><div class=\"w-pricing-item type_default\"><div class=\"w-pricing-item-h\"><div class=\"w-pricing-item-header\"><h5 class=\"w-pricing-item-title\">PREM 8<\/h5><div class=\"w-pricing-item-price\">$1100<small>MXN<\/small><\/div><\/div><ul class=\"w-pricing-item-features\"><li class=\"w-pricing-item-feature\">8 Cores<\/li><li class=\"w-pricing-item-feature\">8 GB en RAM<\/li><li class=\"w-pricing-item-feature\">320 GB NVMe<\/li><li class=\"w-pricing-item-feature\">Acceso Root<\/li><li class=\"w-pricing-item-feature\">1 IPV4 Incluida<\/li><li class=\"w-pricing-item-feature\">4TB Transferencia<\/li><li class=\"w-pricing-item-feature\">Linux y Windows Server disponible<\/li><\/ul><div class=\"w-pricing-item-footer\"><a class=\"w-btn style_solid color_light icon_none\" href=\"mailto:info@ultranetxxi.net\" target=\"_blank\" style=\"font-size: 13px;\"><span class=\"w-btn-label\">Contratar<\/span><\/a><\/div><\/div><\/div><div class=\"w-pricing-item type_default\"><div class=\"w-pricing-item-h\"><div class=\"w-pricing-item-header\"><h5 class=\"w-pricing-item-title\">PREM 16<\/h5><div class=\"w-pricing-item-price\">$2200<small>MXN<\/small><\/div><\/div><ul class=\"w-pricing-item-features\"><li class=\"w-pricing-item-feature\">10 Cores<\/li><li class=\"w-pricing-item-feature\">16 GB en RAM<\/li><li class=\"w-pricing-item-feature\">640 GB NVMe<\/li><li class=\"w-pricing-item-feature\">Acceso Root<\/li><li class=\"w-pricing-item-feature\">1 IPV4 Incluida<\/li><li class=\"w-pricing-item-feature\">8TB Transferencia<\/li><li class=\"w-pricing-item-feature\">Linux y Windows Server disponible<\/li><\/ul><div class=\"w-pricing-item-footer\"><a class=\"w-btn style_solid color_light icon_none\" href=\"mailto:info@ultranetxxi.net\" target=\"_blank\" style=\"font-size: 13px;\"><span class=\"w-btn-label\">Contratar<\/span><\/a><\/div><\/div><\/div><div class=\"w-pricing-item type_default\"><div class=\"w-pricing-item-h\"><div class=\"w-pricing-item-header\"><h5 class=\"w-pricing-item-title\">PREM 32<\/h5><div class=\"w-pricing-item-price\">$5000<small>MXN<\/small><\/div><\/div><ul class=\"w-pricing-item-features\"><li class=\"w-pricing-item-feature\">16 Cores<\/li><li class=\"w-pricing-item-feature\">32 GB en RAM<\/li><li class=\"w-pricing-item-feature\">960 GB NVMe<\/li><li class=\"w-pricing-item-feature\">Acceso Root<\/li><li class=\"w-pricing-item-feature\">1 IPV4 Incluida<\/li><li class=\"w-pricing-item-feature\">10TB Transferencia<\/li><li class=\"w-pricing-item-feature\">Linux y Windows Server disponible<\/li><\/ul><div class=\"w-pricing-item-footer\"><a class=\"w-btn style_solid color_light icon_none\" href=\"mailto:info@ultranetxxi.net\" target=\"_blank\" style=\"font-size: 13px;\"><span class=\"w-btn-label\">Contratar<\/span><\/a><\/div><\/div><\/div><\/div><\/div><\/div><\/div><\/div><\/div><\/div><div class=\"w-separator type_invisible size_medium thick_1 style_solid color_border cont_none\"><span class=\"w-separator-h\"><\/span><\/div><\/div><\/div><\/div><\/div><div class=\"g-cols wpb_row type_default vc_inner \"><div class=\"vc_col-sm-8 wpb_column vc_column_container\"><div class=\"vc_column-inner\"><div class=\"wpb_wrapper\"><div class=\"wpb_text_column \"><div class=\"wpb_wrapper\">\n<h5>M\u00e1s valor para su negocio:<\/h5>\n<ul>\n<li>Asesor\u00eda en la migraci\u00f3n desde otros proveedores.<\/li>\n<li>Transferencia mensual de datos <strong>incluida<\/strong>.<\/li>\n<li>M\u00e1ximo desempe\u00f1o para sus aplicaciones o sitios web.<\/li>\n<li>Atenci\u00f3n y soporte en espa\u00f1ol con respuesta el mismo d\u00eda.<\/li>\n<li>Opci\u00f3n de unidades de almacenamiento en bloque de hasta 1 TB (mayor capacidad sobre demanda).<\/li>\n<li>Facturaci\u00f3n mensual, sin permanencia m\u00ednima.<\/li>\n<li>Protecci\u00f3n <strong>Anti-DDoS incluida.<\/strong><\/li>\n<li>Licencia Windows Server disponible por solo $100 pesos por n\u00facleo.<\/li>\n<li>Backup incluido cada 24 horas con retenci\u00f3n de 7 d\u00edas.<\/li>\n<\/ul>\n<\/div> <\/div> <\/div><\/div><\/div><div class=\"vc_col-sm-4 wpb_column vc_column_container\"><div class=\"vc_column-inner\"><div class=\"wpb_wrapper\"><div class=\"wpb_text_column \"><div class=\"wpb_wrapper\">\n<h5>\u00bfDesea un plan a la medida?<\/h5>\n<p>Por favor cont\u00e1ctenos para ayudarle.<br \/>\nContamos con capacidades de hasta 1 TB en RAM y 1 PB en almacenamiento.<\/p>\n<h5>Contamos con nubes privadas con tecnolog\u00eda VMware y Proxmox<\/h5>\n<p>Cont\u00e1ctenos para conocer m\u00e1s detalles.<br \/>\nTel\u00e9fono en la Ciudad de M\u00e9xico: (55) 6641 4401<\/div> <\/div> <\/div><\/div><\/div><\/div><\/div><\/div><\/div><\/div><\/div><\/section><section class=\"l-section wpb_row height_medium color_primary with_img parallax_fixed with_overlay\"><div class=\"l-section-img\" style=\"background-image: url(https:\/\/ultranetxxi.net\/sitio\/wp-content\/uploads\/2014\/05\/datacenter.jpg);\" data-img-width=\"1920\" data-img-height=\"545\"><\/div><div class=\"l-section-overlay\" style=\"background-color: rgba(0,0,0,0.62)\"><\/div><div class=\"l-section-h i-cf\"><div class=\"g-cols type_default\"><div class=\"vc_col-sm-12 wpb_column vc_column_container\"><div class=\"vc_column-inner\"><div class=\"wpb_wrapper\"><div class=\"wpb_text_column \"><div class=\"wpb_wrapper\">\n<div class=\"w-actionbox color_primary controls_aside\">\n<h3>Contrate hoy mismo.<\/h3>\n<p>Permita apoyarle en la migraci\u00f3n de sus cargas de trabajo de proveedores masivos altamente limitados y experimente tranquilidad con facturaci\u00f3n sencilla y predecible de forma mensual. C\u00f3ntactenos, ser\u00e1 un placer atenderlo.<\/div> <\/div> <\/div><\/div><\/div><\/div><\/div><\/section>\n<\/div>\n","protected":false},"excerpt":{"rendered":"Servidores virtuales cloud Elija la nube de rendimiento superior y soporte confiable en Latinoam\u00e9rica Un servidor es practicamente el motor de su negocio, obtenga con UltranetXXI los servidores que requiera, con recursos dedicados, para lograr el mejor rendimiento de sus...","protected":false},"author":1,"featured_media":0,"parent":0,"menu_order":0,"comment_status":"closed","ping_status":"closed","template":"","meta":[],"_links":{"self":[{"href":"https:\/\/ultranetxxi.net\/sitio\/wp-json\/wp\/v2\/pages\/4174"}],"collection":[{"href":"https:\/\/ultranetxxi.net\/sitio\/wp-json\/wp\/v2\/pages"}],"about":[{"href":"https:\/\/ultranetxxi.net\/sitio\/wp-json\/wp\/v2\/types\/page"}],"author":[{"embeddable":true,"href":"https:\/\/ultranetxxi.net\/sitio\/wp-json\/wp\/v2\/users\/1"}],"replies":[{"embeddable":true,"href":"https:\/\/ultranetxxi.net\/sitio\/wp-json\/wp\/v2\/comments?post=4174"}],"version-history":[{"count":57,"href":"https:\/\/ultranetxxi.net\/sitio\/wp-json\/wp\/v2\/pages\/4174\/revisions"}],"predecessor-version":[{"id":4303,"href":"https:\/\/ultranetxxi.net\/sitio\/wp-json\/wp\/v2\/pages\/4174\/revisions\/4303"}],"wp:attachment":[{"href":"https:\/\/ultranetxxi.net\/sitio\/wp-json\/wp\/v2\/media?parent=4174"}],"curies":[{"name":"wp","href":"https:\/\/api.w.org\/{rel}","templated":true}]}}