{"id":4142,"date":"2022-05-31T07:01:26","date_gmt":"2022-05-31T07:01:26","guid":{"rendered":"https:\/\/ultranetxxi.net\/sitio\/?page_id=4142"},"modified":"2025-11-04T05:32:11","modified_gmt":"2025-11-04T05:32:11","slug":"bienvenido","status":"publish","type":"page","link":"https:\/\/ultranetxxi.net\/sitio\/","title":{"rendered":"Bienvenido"},"content":{"rendered":"<section class=\"l-section wpb_row height_medium color_primary\"><div class=\"l-section-h i-cf\"><div class=\"g-cols type_default\"><div class=\"vc_col-sm-12 vc_col-lg-offset-0 wpb_column vc_column_container\"><div class=\"vc_column-inner\"><div class=\"wpb_wrapper\"><div class=\"wpb_text_column \"><div class=\"wpb_wrapper\">\n<h1 style=\"text-align: center;\">Mayor seguridad, rendimiento y un eficiente servicio.<\/h1>\n<h5 style=\"text-align: center;\">Son algunas de las ventajas que lograr\u00e1 para su empresa con nuestro cat\u00e1logo de servicios web<\/h5>\n<\/div> <\/div> <\/div><\/div><\/div><\/div><\/div><\/section><section class=\"l-section wpb_row height_medium\"><div class=\"l-section-h i-cf\"><div class=\"g-cols type_default\"><div class=\"vc_col-sm-12 wpb_column vc_column_container\"><div class=\"vc_column-inner\"><div class=\"wpb_wrapper\"><div class=\"g-cols wpb_row type_default vc_inner \"><div class=\"vc_col-sm-6 wpb_column vc_column_container\"><div class=\"vc_column-inner\"><div class=\"wpb_wrapper\"><div class=\"wpb_text_column \"><div class=\"wpb_wrapper\">\n<h3>Expertos en tecnolog\u00eda al servicio de su empresa<\/h3>\n<\/div> <\/div> <div class=\"w-separator type_invisible size_medium thick_1 style_solid color_border cont_none\"><span class=\"w-separator-h\"><\/span><\/div><div class=\"wpb_text_column \"><div class=\"wpb_wrapper\"><p>Desde el 2014 en UltranetXXI nuestro objetivo es que las empresas aprovechen al m\u00e1ximo la tecnolog\u00eda con soluciones que destaquen en servicio, rendimiento y seguridad.<\/p>\n<p>Nuestra amplia experiencia nos permite brindar a su empresa las mejores soluciones en correo electr\u00f3nico, nube de archivos, servidores y protecci\u00f3n ante amenazas informaticas; entre otras soluciones, logrando mayor rendimiento con un alto nivel de servicio e incluso optimizando el presupuesto frente a soluciones masivas.<\/p>\n<p>Gracias a la administraci\u00f3n total de las soluciones brindadas podr\u00e1 estar seguro de encontrarse en buenas manos.<\/p><\/div> <\/div> <\/div><\/div><\/div><div class=\"vc_col-sm-6 wpb_column vc_column_container\"><div class=\"vc_column-inner\"><div class=\"wpb_wrapper\"><div class=\"w-image\"><div class=\"us-frame\"><img width=\"720\" height=\"480\" src=\"https:\/\/ultranetxxi.net\/sitio\/wp-content\/uploads\/2022\/05\/servidores.jpg\" class=\"attachment-full size-full\" alt=\"Servidores virtuales y dedicados\" loading=\"lazy\" srcset=\"https:\/\/ultranetxxi.net\/sitio\/wp-content\/uploads\/2022\/05\/servidores.jpg 720w, https:\/\/ultranetxxi.net\/sitio\/wp-content\/uploads\/2022\/05\/servidores-300x200.jpg 300w, https:\/\/ultranetxxi.net\/sitio\/wp-content\/uploads\/2022\/05\/servidores-600x400.jpg 600w\" sizes=\"(max-width: 720px) 100vw, 720px\" \/><\/div><\/div><\/div><\/div><\/div><\/div><div class=\"w-separator type_default size_medium thick_1 style_solid color_border cont_icon\"><span class=\"w-separator-h\"><i class=\"fa fa-chevron-down\"><\/i><\/span><\/div><div class=\"g-cols wpb_row type_default vc_inner \"><div class=\"vc_col-sm-6 wpb_column vc_column_container\"><div class=\"vc_column-inner\"><div class=\"wpb_wrapper\"><div class=\"w-image align_right\"><div class=\"us-frame\"><img width=\"430\" height=\"273\" src=\"https:\/\/ultranetxxi.net\/sitio\/wp-content\/uploads\/2014\/03\/email-marketing-21.png\" class=\"attachment-full size-full\" alt=\"\" loading=\"lazy\" srcset=\"https:\/\/ultranetxxi.net\/sitio\/wp-content\/uploads\/2014\/03\/email-marketing-21.png 430w, https:\/\/ultranetxxi.net\/sitio\/wp-content\/uploads\/2014\/03\/email-marketing-21-300x190.png 300w\" sizes=\"(max-width: 430px) 100vw, 430px\" \/><\/div><\/div><\/div><\/div><\/div><div class=\"vc_col-sm-6 wpb_column vc_column_container\"><div class=\"vc_column-inner\"><div class=\"wpb_wrapper\"><div class=\"wpb_text_column \"><div class=\"wpb_wrapper\">\n<h5 style=\"text-align: center;\">Algunas de nuestras principales soluciones de internet:<\/h5>\n<\/div> <\/div> <div class=\"w-separator type_invisible size_medium thick_1 style_solid color_border cont_none\"><span class=\"w-separator-h\"><\/span><\/div><div class=\"wpb_text_column \"><div class=\"wpb_wrapper\">\n<ol>\n<li><a href=\"https:\/\/ultranetxxi.net\/sitio\/nube-empresarial\/\">Nube empresarial de archivos<\/a><\/li>\n<li><a href=\"https:\/\/ultranetxxi.net\/sitio\/correo-electronico-empresas\/\">Correo electr\u00f3nico para empresas<\/a><\/li>\n<li>Hospedaje de sitios y aplicaciones web<\/li>\n<li><a href=\"https:\/\/ultranetxxi.net\/sitio\/servidores-virtuales-cloud-2\/\">Servidores virtuales cloud<\/a><\/li>\n<li><a href=\"https:\/\/ultranetxxi.net\/sitio\/servidores-dell-en-venta\/\">Servidores Dell en venta<\/a><\/li>\n<li>Protecci\u00f3n de correo electr\u00f3nico antivirus, anti-spam, anti-phishing por Karspersky Mail Gateway<\/li>\n<li>Acceso seguro a sus recursos inform\u00e1ticos mediante nuestra VPN<\/li>\n<li>Localizaci\u00f3n GPS de personas, veh\u00edculos y bienes<\/li>\n<\/ol>\n<\/div> <\/div> <\/div><\/div><\/div><\/div><\/div><\/div><\/div><\/div><\/div><\/section><section class=\"l-section wpb_row height_medium color_custom with_img parallax_ver with_overlay\" style=\" color: #ffffff;\"><div class=\"l-section-img\" style=\"background-image: url(https:\/\/ultranetxxi.net\/sitio\/wp-content\/uploads\/2014\/03\/img-5.jpg);\" data-img-width=\"1920\" data-img-height=\"1080\"><\/div><div class=\"l-section-overlay\" style=\"background-color: rgba(0,0,0,0.35)\"><\/div><div class=\"l-section-h i-cf\"><div class=\"g-cols type_default\"><div class=\"vc_col-sm-12 wpb_column vc_column_container\"><div class=\"vc_column-inner\"><div class=\"wpb_wrapper\"><div class=\"wpb_text_column \"><div class=\"wpb_wrapper\">\n<h2 style=\"text-align: center;\">Un vistazo r\u00e1pido a los beneficios para su empresa:<\/h2>\n<\/div> <\/div> <div class=\"w-separator type_default size_medium thick_1 style_solid color_border cont_none\"><span class=\"w-separator-h\"><\/span><\/div><div class=\"g-cols wpb_row type_default vc_inner \"><div class=\"vc_col-sm-3 wpb_column vc_column_container\"><div class=\"vc_column-inner\"><div class=\"wpb_wrapper\"><div class=\"wpb_text_column \"><div class=\"wpb_wrapper\"><strong>Seguridad.<\/strong> Un deber relevante es preservar de forma segura la informaci\u00f3n de su empresa, con nosotros est\u00e1 necesidad est\u00e1 cubierta con opciones como son: respaldos, firewalls, antivirus, registros de acceso, entre otras opciones administradas por nuestro equipo para que usted solo se preocupe por operar su negocio.<\/div> <\/div> <\/div><\/div><\/div><div class=\"vc_col-sm-3 wpb_column vc_column_container\"><div class=\"vc_column-inner\"><div class=\"wpb_wrapper\"><div class=\"wpb_text_column \"><div class=\"wpb_wrapper\"><strong>Mayor rendimiento.<\/strong> Proveedores m\u00e1sivos limitan altamente el rendimiento de sus servidores y plataformas, esto puede causar lentitud desde su sitio web a sus sistemas inform\u00e1ticos, con nuestras soluciones web usted obtiene recursos dedicados para lograr el mejor rendimiento de sus sitios y aplicaciones web.<\/div> <\/div> <\/div><\/div><\/div><div class=\"vc_col-sm-3 wpb_column vc_column_container\"><div class=\"vc_column-inner\"><div class=\"wpb_wrapper\"><div class=\"wpb_text_column \"><div class=\"wpb_wrapper\"><strong>Servicio.<\/strong> Obtenga respuestas y ayuda de nuestro equipo de forma \u00e1gil para permitir que sus operaciones no se interrumpan, estaremos encantados de brindarle la informaci\u00f3n que requiera con tiempos de respuesta especificados en su nivel de servicio contratado.<\/div> <\/div> <\/div><\/div><\/div><div class=\"vc_col-sm-3 wpb_column vc_column_container\"><div class=\"vc_column-inner\"><div class=\"wpb_wrapper\"><div class=\"wpb_text_column \"><div class=\"wpb_wrapper\"><strong>Escalabilidad y ahorro.<\/strong> Seremos su aliado en el crecimiento de su empresa y contar\u00e1 con el respaldo de contar con soluciones para equipos desde 3 a cientos de empleados. Sin preocupaciones por el crecimiento de su informaci\u00f3n, ya sea en correo, archivos o servidores, podr\u00e1 est\u00e1r seguro que lograr\u00e1 un gran ahorro en comparaci\u00f3n a otros proveedores.<\/div> <\/div> <\/div><\/div><\/div><\/div><\/div><\/div><\/div><\/div><\/div><\/section><section class=\"l-section wpb_row height_medium\"><div class=\"l-section-h i-cf\"><div class=\"g-cols type_default\"><div class=\"vc_col-sm-12 wpb_column vc_column_container\"><div class=\"vc_column-inner\"><div class=\"wpb_wrapper\"><div class=\"wpb_text_column \"><div class=\"wpb_wrapper\"><div class=\"w-testimonials style_1\"><div class=\"w-testimonial\"><blockquote class=\"w-testimonial-h\"><div class=\"w-testimonial-text\">Mantener comunicaci\u00f3n con los padres de familia v\u00eda correo electr\u00f3nico ha sido de gran utilidad en el colegio. El personal ha aprendido a realizar las labores necesarias apenas momentos despu\u00e9s de habernos registrado. Es f\u00e1cil de utilizar, lo recomiendo.<\/div><div class=\"w-testimonial-author\"><div><span class=\"w-testimonial-author-name\"><span>Lic. Gal\u00ed Martinez<\/span><\/span><span class=\"w-testimonial-author-role\">Directora Academica Colegio Latinoamericano Siglo XXI<\/span><\/div><\/div><\/blockquote><\/div><\/div><div class=\"w-testimonials style_1\"><div class=\"w-testimonial\"><blockquote class=\"w-testimonial-h\"><div class=\"w-testimonial-text\">Ahora podemos estar en comunicaci\u00f3n con nuestros seguidores en todo el mundo. Emitimos nuestro bolet\u00edn a m\u00e1s de 500mil seguidores y no podr\u00edamos haberlo logrado sin el apoyo del equipo de UltranetXXI. Muchas gracias.<\/div><div class=\"w-testimonial-author\"><div><span class=\"w-testimonial-author-name\"><span>Lic. Leticia Neri<\/span><\/span><span class=\"w-testimonial-author-role\">Fundadora de Todo Est\u00e1 Bien<\/span><\/div><\/div><\/blockquote><\/div><\/div><div class=\"w-testimonials style_1\"><div class=\"w-testimonial\"><blockquote class=\"w-testimonial-h\"><div class=\"w-testimonial-text\">Un servicio profesional y excelente, con atenci\u00f3n directa en M\u00e9xico y precios altamente competitivos. Los recomiendo ampliamente. <\/div><div class=\"w-testimonial-author\"><div><span class=\"w-testimonial-author-name\"><span>Ing. Carlos J. Bernal<\/span><\/span><span class=\"w-testimonial-author-role\">Director General ABC Quality de M\u00e9xico<\/span><\/div><\/div><\/blockquote><\/div><\/div><\/div> <\/div> <\/div><\/div><\/div><\/div><\/div><\/section><section class=\"l-section wpb_row height_medium color_custom with_img parallax_ver parallaxdir_reversed with_overlay\" style=\" color: #ffffff;\"><div class=\"l-section-img\" style=\"background-image: url(https:\/\/ultranetxxi.net\/sitio\/wp-content\/uploads\/2014\/03\/img-10.jpg);\" data-img-width=\"1920\" data-img-height=\"1080\"><\/div><div class=\"l-section-overlay\" style=\"background-color: rgba(0,0,0,0.36)\"><\/div><div class=\"l-section-h i-cf\"><div class=\"g-cols type_default\"><div class=\"vc_col-sm-3 wpb_column vc_column_container\"><div class=\"vc_column-inner\"><div class=\"wpb_wrapper\"><div class=\"w-separator type_invisible size_medium thick_1 style_solid color_border cont_none\"><span class=\"w-separator-h\"><\/span><\/div><div class=\"wpb_text_column \"><div class=\"wpb_wrapper\"><strong>\u00bfDesea m\u00e1s informaci\u00f3n de nuestros servicios?<\/strong><br \/>\nSer\u00e1 un placer conversar a profundidad de las necesidades de su empresa. Ll\u00e1menos ahora en M\u00e9xico: 55 6641 4401<\/div> <\/div> <\/div><\/div><\/div><div class=\"vc_col-sm-9 wpb_column vc_column_container\"><div class=\"vc_column-inner\"><div class=\"wpb_wrapper\"><div class=\"wpb_text_column \"><div class=\"wpb_wrapper\">\n<div class=\"w-actionbox controls_aside\">\n<h3>Contrate hoy mismo y logre un gran ahorro.<\/h3>\n<p>Disfrute de grandes ahorros al contratar hoy mismo cualquiera de nuestras soluciones web como son correo electr\u00f3nico o nube de datos empresarial, le ayudaremos a migrar desde otros proveedores como Gmail u Outlook para hacer el proceso ligero para su empresa y excelente para su presupuesto.<\/p>\n<\/div>\n<\/div> <\/div> <\/div><\/div><\/div><\/div><\/div><\/section>\n","protected":false},"excerpt":{"rendered":"Mayor seguridad, rendimiento y un eficiente servicio. Son algunas de las ventajas que lograr\u00e1 para su empresa con nuestro cat\u00e1logo de servicios web Expertos en tecnolog\u00eda al servicio de su empresa Desde el 2014 en UltranetXXI nuestro objetivo es que...","protected":false},"author":1,"featured_media":0,"parent":0,"menu_order":0,"comment_status":"closed","ping_status":"closed","template":"","meta":[],"_links":{"self":[{"href":"https:\/\/ultranetxxi.net\/sitio\/wp-json\/wp\/v2\/pages\/4142"}],"collection":[{"href":"https:\/\/ultranetxxi.net\/sitio\/wp-json\/wp\/v2\/pages"}],"about":[{"href":"https:\/\/ultranetxxi.net\/sitio\/wp-json\/wp\/v2\/types\/page"}],"author":[{"embeddable":true,"href":"https:\/\/ultranetxxi.net\/sitio\/wp-json\/wp\/v2\/users\/1"}],"replies":[{"embeddable":true,"href":"https:\/\/ultranetxxi.net\/sitio\/wp-json\/wp\/v2\/comments?post=4142"}],"version-history":[{"count":26,"href":"https:\/\/ultranetxxi.net\/sitio\/wp-json\/wp\/v2\/pages\/4142\/revisions"}],"predecessor-version":[{"id":4338,"href":"https:\/\/ultranetxxi.net\/sitio\/wp-json\/wp\/v2\/pages\/4142\/revisions\/4338"}],"wp:attachment":[{"href":"https:\/\/ultranetxxi.net\/sitio\/wp-json\/wp\/v2\/media?parent=4142"}],"curies":[{"name":"wp","href":"https:\/\/api.w.org\/{rel}","templated":true}]}}