{"id":3158,"date":"2014-04-21T08:10:46","date_gmt":"2014-04-21T08:10:46","guid":{"rendered":"http:\/\/ultranetxxi.net\/sitio\/?page_id=3158"},"modified":"2022-05-31T06:50:57","modified_gmt":"2022-05-31T06:50:57","slug":"servidores-para-streaming-cloud","status":"publish","type":"page","link":"https:\/\/ultranetxxi.net\/sitio\/servidores-para-streaming-cloud\/","title":{"rendered":"Servidores Cloud para Video Streaming"},"content":{"rendered":"<section class=\"l-section wpb_row height_medium color_primary\"><div class=\"l-section-h i-cf\"><div class=\"g-cols type_default\"><div class=\"vc_col-sm-12 wpb_column vc_column_container\"><div class=\"vc_column-inner\"><div class=\"wpb_wrapper\"><div class=\"wpb_text_column \"><div class=\"wpb_wrapper\">\n<h2 style=\"text-align: center;\">Servidores Cloud para Video Streaming<\/h2>\n<h4 style=\"text-align: center;\">Con el poder de Adobe Media Server 5 &#8211; Listos para transmitir eventos en vivo o v\u00eddeo sobre demanda.<\/h4>\n<\/div> <\/div> <\/div><\/div><\/div><\/div><\/div><\/section><section class=\"l-section wpb_row height_medium\"><div class=\"l-section-h i-cf\"><div class=\"g-cols type_default\"><div class=\"vc_col-sm-12 wpb_column vc_column_container\"><div class=\"vc_column-inner\"><div class=\"wpb_wrapper\"><div class=\"g-cols wpb_row type_default vc_inner \"><div class=\"vc_col-sm-12 wpb_column vc_column_container\"><div class=\"vc_column-inner\"><div class=\"wpb_wrapper\"><div class=\"wpb_text_column \"><div class=\"wpb_wrapper\"><p>Nuestros servidores Cloud est\u00e1n totalmente optimizados para Video Streaming. Transmita en v\u00eddeo de forma ilimitada y disfrute de la confiabilidad que encontrar\u00e1 en nuestros servidores construidos sobre infraestructura de alto rendimiento con acceso a nuestra red ultra-rapida con capacidad de hasta 40Gbps. <strong>La transmisi\u00f3n de su evento ser\u00e1 un \u00e9xito<\/strong> gracias a la plataforma m\u00e1s solida y confiable del mercado: Adobe Media Server 5.<\/p><\/div> <\/div> <div class=\"w-separator type_default size_medium thick_1 style_solid color_border cont_icon\"><span class=\"w-separator-h\"><i class=\"fa fa-star\"><\/i><\/span><\/div><\/div><\/div><\/div><\/div><div class=\"g-cols wpb_row type_default vc_inner \"><div class=\"vc_col-sm-8 wpb_column vc_column_container\"><div class=\"vc_column-inner\"><div class=\"wpb_wrapper\"><div class=\"wpb_text_column \"><div class=\"wpb_wrapper\">\n<h4>Elija el servidor ideal para sus necesidades:<\/h4>\n<p>Nuestros servidores utilizan discos duros SSD as\u00ed como procesadores con tecnolog\u00eda INTEL para lograr un desempe\u00f1o superior. Cada servidor viene pre-configurado con la plataforma l\u00edder del mercado: <strong>Adobe Media Server 5.<\/strong><br \/>\n<em>Costo mensual. Precios en dolares. Sin contratos m\u00ednimos. Ahorre el 20% al contratar anualmente.<\/em><\/div> <\/div> <div class=\"w-pricing style_1 items_4\"><div class=\"w-pricing-item type_default\"><div class=\"w-pricing-item-h\"><div class=\"w-pricing-item-header\"><h5 class=\"w-pricing-item-title\">Max 1<\/h5><div class=\"w-pricing-item-price\">$165<small>USD<\/small><\/div><\/div><ul class=\"w-pricing-item-features\"><li class=\"w-pricing-item-feature\">12 GB en RAM<\/li><li class=\"w-pricing-item-feature\">6 Cores<\/li><li class=\"w-pricing-item-feature\">Procesador INTEL E5-2670<\/li><li class=\"w-pricing-item-feature\">192 GB en SSD<\/li><li class=\"w-pricing-item-feature\">Conectividad a 1000 Mbps<\/li><li class=\"w-pricing-item-feature\">Datos incluidos: 5 TB<\/li><\/ul><div class=\"w-pricing-item-footer\"><a class=\"w-btn style_solid color_light icon_none\" href=\"http:\/\/ultranetxxi.net\/acceso\/signup\/index\/c\/max-1\" target=\"_blank\" style=\"font-size: 13px;\"><span class=\"w-btn-label\">Contratar<\/span><\/a><\/div><\/div><\/div><div class=\"w-pricing-item type_featured\"><div class=\"w-pricing-item-h\"><div class=\"w-pricing-item-header\"><h5 class=\"w-pricing-item-title\">Max 2<\/h5><div class=\"w-pricing-item-price\">$345<small>USD<\/small><\/div><\/div><ul class=\"w-pricing-item-features\"><li class=\"w-pricing-item-feature\">24 GB en RAM<\/li><li class=\"w-pricing-item-feature\">8 Cores<\/li><li class=\"w-pricing-item-feature\">Procesador INTEL E5-2670<\/li><li class=\"w-pricing-item-feature\">384 GB en SSD<\/li><li class=\"w-pricing-item-feature\">Conectividad a 2000 Mbps<\/li><li class=\"w-pricing-item-feature\">Datos incluidos: 10 TB<\/li><\/ul><div class=\"w-pricing-item-footer\"><a class=\"w-btn style_solid color_primary icon_none\" href=\"http:\/\/ultranetxxi.net\/acceso\/signup\/index\/c\/max-2\" target=\"_blank\" style=\"font-size: 13px;\"><span class=\"w-btn-label\">Contratar<\/span><\/a><\/div><\/div><\/div><div class=\"w-pricing-item type_default\"><div class=\"w-pricing-item-h\"><div class=\"w-pricing-item-header\"><h5 class=\"w-pricing-item-title\">Max 4<\/h5><div class=\"w-pricing-item-price\">$635<small>USD<\/small><\/div><\/div><ul class=\"w-pricing-item-features\"><li class=\"w-pricing-item-feature\">48 GB en RAM<\/li><li class=\"w-pricing-item-feature\">12 Cores<\/li><li class=\"w-pricing-item-feature\">Procesador INTEL E5-2670<\/li><li class=\"w-pricing-item-feature\">768 GB en SSD<\/li><li class=\"w-pricing-item-feature\">Conectividad a 4000 Mbps<\/li><li class=\"w-pricing-item-feature\">Datos incluidos: 15 TB<\/li><\/ul><div class=\"w-pricing-item-footer\"><a class=\"w-btn style_solid color_light icon_none\" href=\"http:\/\/ultranetxxi.net\/acceso\/signup\/index\/c\/max-4\" target=\"_blank\" style=\"font-size: 13px;\"><span class=\"w-btn-label\">Contratar<\/span><\/a><\/div><\/div><\/div><div class=\"w-pricing-item type_default\"><div class=\"w-pricing-item-h\"><div class=\"w-pricing-item-header\"><h5 class=\"w-pricing-item-title\">Max 8<\/h5><div class=\"w-pricing-item-price\">$1495<small>USD<\/small><\/div><\/div><ul class=\"w-pricing-item-features\"><li class=\"w-pricing-item-feature\">80 GB en RAM<\/li><li class=\"w-pricing-item-feature\">20 Cores<\/li><li class=\"w-pricing-item-feature\">Procesador INTEL E5-2670<\/li><li class=\"w-pricing-item-feature\">1536 GB en SSD<\/li><li class=\"w-pricing-item-feature\">Conectividad a 8000 Mbps<\/li><li class=\"w-pricing-item-feature\">Datos incluidos: 20 TB<\/li><\/ul><div class=\"w-pricing-item-footer\"><a class=\"w-btn style_solid color_light icon_none\" href=\"http:\/\/ultranetxxi.net\/acceso\/signup\/index\/c\/max-8\" target=\"_blank\" style=\"font-size: 13px;\"><span class=\"w-btn-label\">Contratar<\/span><\/a><\/div><\/div><\/div><\/div><\/div><\/div><\/div><div class=\"vc_col-sm-4 wpb_column vc_column_container\"><div class=\"vc_column-inner\"><div class=\"wpb_wrapper\"><div class=\"wpb_text_column \"><div class=\"wpb_wrapper\">\n<h3>Preguntas frecuentes:<\/h3>\n<p>\u00bfA que calidad puedo transmitir?<br \/>\nCon nuestros servidores puede transmitir en calidad Full HD. Sin restricciones.<br \/>\n<div class=\"w-separator type_ size_medium thick_1 style_solid color_border cont_icon\"><span class=\"w-separator-h\"><i class=\"fa fa-star\"><\/i><\/span><\/div>\n\u00bfEn cuanto tiempo tengo acceso al servidor?<br \/>\nUna vez procesada su orden en menos de 24 horas podr\u00e1 tener acceso total a su servidor para v\u00eddeo streaming.<br \/>\n<div class=\"w-separator type_ size_medium thick_1 style_solid color_border cont_icon\"><span class=\"w-separator-h\"><i class=\"fa fa-star\"><\/i><\/span><\/div>\n\u00bfEl servidor esta configurado y listo para usar?<br \/>\nEfectivamente, el servidor se encuentra perfectamente configurado para transmitir desde el primer momento.<br \/>\n<div class=\"w-separator type_ size_medium thick_1 style_solid color_border cont_icon\"><span class=\"w-separator-h\"><i class=\"fa fa-star\"><\/i><\/span><\/div>\n<strong>\u00bfPuedo probar el servidor antes de usarlo?<\/strong><br \/>\n\u00a1Claro! Por favor cont\u00e1ctenos para conocer sus requerimientos y permitirle el acceso a un servidor de prueba sin costo alguno.<\/div> <\/div> <\/div><\/div><\/div><\/div><div class=\"w-separator type_default size_medium thick_1 style_solid color_custom cont_none\" style=\"border-color: rgba(255,255,255,0.01); color: rgba(255,255,255,0.01);\"><span class=\"w-separator-h\"><\/span><\/div><div class=\"g-cols wpb_row type_default vc_inner \"><div class=\"vc_col-sm-6 wpb_column vc_column_container\"><div class=\"vc_column-inner\"><div class=\"wpb_wrapper\"><div class=\"wpb_text_column \"><div class=\"wpb_wrapper\">\n<h6>\u00bfNecesitas una configuraci\u00f3n personalizada, con despliegue en m\u00faltiples centros de datos?<br \/>\nLl\u00e1manos: (55) 6641 4401<br \/>\n<strong>\u00bfNecesitas utilizar Wowza Media Engine? Cont\u00e1ctanos.<\/strong><\/h6>\n<\/div> <\/div> <\/div><\/div><\/div><div class=\"vc_col-sm-6 wpb_column vc_column_container\"><div class=\"vc_column-inner\"><div class=\"wpb_wrapper\"><div class=\"wpb_text_column \"><div class=\"wpb_wrapper\">\n<h5>\u00bfSabias que podr\u00edas transmitir hasta 46 mil horas de v\u00eddeo al mes con tan solo uno de nuestros servidores? &#8211;<em> C\u00e1lculo basado en transmisi\u00f3n a 896 kbps con Servidor MAX 8.<\/em><\/h5>\n<\/div> <\/div> <\/div><\/div><\/div><\/div><\/div><\/div><\/div><\/div><\/div><\/section>\n","protected":false},"excerpt":{"rendered":"Servidores Cloud para Video Streaming Con el poder de Adobe Media Server 5 - Listos para transmitir eventos en vivo o v\u00eddeo sobre demanda. Nuestros servidores Cloud est\u00e1n totalmente optimizados para Video Streaming. Transmita en v\u00eddeo de forma ilimitada y...","protected":false},"author":1,"featured_media":0,"parent":0,"menu_order":0,"comment_status":"closed","ping_status":"closed","template":"","meta":[],"_links":{"self":[{"href":"https:\/\/ultranetxxi.net\/sitio\/wp-json\/wp\/v2\/pages\/3158"}],"collection":[{"href":"https:\/\/ultranetxxi.net\/sitio\/wp-json\/wp\/v2\/pages"}],"about":[{"href":"https:\/\/ultranetxxi.net\/sitio\/wp-json\/wp\/v2\/types\/page"}],"author":[{"embeddable":true,"href":"https:\/\/ultranetxxi.net\/sitio\/wp-json\/wp\/v2\/users\/1"}],"replies":[{"embeddable":true,"href":"https:\/\/ultranetxxi.net\/sitio\/wp-json\/wp\/v2\/comments?post=3158"}],"version-history":[{"count":54,"href":"https:\/\/ultranetxxi.net\/sitio\/wp-json\/wp\/v2\/pages\/3158\/revisions"}],"predecessor-version":[{"id":4123,"href":"https:\/\/ultranetxxi.net\/sitio\/wp-json\/wp\/v2\/pages\/3158\/revisions\/4123"}],"wp:attachment":[{"href":"https:\/\/ultranetxxi.net\/sitio\/wp-json\/wp\/v2\/media?parent=3158"}],"curies":[{"name":"wp","href":"https:\/\/api.w.org\/{rel}","templated":true}]}}